{"id":11421,"date":"2024-03-07T22:14:46","date_gmt":"2024-03-07T22:14:46","guid":{"rendered":"https:\/\/rafaelflores.pt\/?page_id=11421"},"modified":"2025-01-18T18:59:46","modified_gmt":"2025-01-18T18:59:46","slug":"politica-de-privacidade","status":"publish","type":"page","link":"https:\/\/fertiprado.pt\/en\/privacy-policy\/","title":{"rendered":"Privacy Policy"},"content":{"rendered":"<div data-elementor-type=\"wp-page\" data-elementor-id=\"11421\" class=\"elementor elementor-11421\" data-elementor-post-type=\"page\">\n\t\t\t\t\t\t<section class=\"elementor-section elementor-top-section elementor-element elementor-element-5925a730 elementor-section-height-min-height elementor-section-full_width elementor-section-height-default elementor-section-items-middle\" data-id=\"5925a730\" data-element_type=\"section\" data-e-type=\"section\" data-settings=\"{&quot;background_background&quot;:&quot;classic&quot;,&quot;background_motion_fx_motion_fx_mouse&quot;:&quot;yes&quot;,&quot;background_motion_fx_motion_fx_scrolling&quot;:&quot;yes&quot;,&quot;background_motion_fx_scale_speed&quot;:{&quot;unit&quot;:&quot;px&quot;,&quot;size&quot;:10,&quot;sizes&quot;:[]},&quot;background_motion_fx_scale_effect&quot;:&quot;yes&quot;,&quot;background_motion_fx_scale_direction&quot;:&quot;out-in&quot;,&quot;background_motion_fx_scale_range&quot;:{&quot;unit&quot;:&quot;%&quot;,&quot;size&quot;:&quot;&quot;,&quot;sizes&quot;:{&quot;start&quot;:20,&quot;end&quot;:80}},&quot;background_motion_fx_devices&quot;:[&quot;desktop&quot;,&quot;laptop&quot;,&quot;tablet&quot;,&quot;mobile&quot;]}\">\n\t\t\t\t\t\t\t<div class=\"elementor-background-overlay\"><\/div>\n\t\t\t\t\t\t\t<div class=\"elementor-container elementor-column-gap-default\">\n\t\t\t\t\t<div class=\"elementor-column elementor-col-100 elementor-top-column elementor-element elementor-element-6b4549a8\" data-id=\"6b4549a8\" data-element_type=\"column\" data-e-type=\"column\">\n\t\t\t<div class=\"elementor-widget-wrap elementor-element-populated\">\n\t\t\t\t\t\t<section class=\"elementor-section elementor-inner-section elementor-element elementor-element-159bcc30 elementor-section-full_width elementor-section-height-default elementor-section-height-default\" data-id=\"159bcc30\" data-element_type=\"section\" data-e-type=\"section\">\n\t\t\t\t\t\t<div class=\"elementor-container elementor-column-gap-default\">\n\t\t\t\t\t<div class=\"elementor-column elementor-col-100 elementor-inner-column elementor-element elementor-element-67e5415f\" data-id=\"67e5415f\" data-element_type=\"column\" data-e-type=\"column\">\n\t\t\t<div class=\"elementor-widget-wrap elementor-element-populated\">\n\t\t\t\t\t\t<div class=\"elementor-element elementor-element-b6673a1 elementor-widget elementor-widget-theme-post-title elementor-page-title elementor-widget-heading\" data-id=\"b6673a1\" data-element_type=\"widget\" data-e-type=\"widget\" data-widget_type=\"theme-post-title.default\">\n\t\t\t\t<div class=\"elementor-widget-container\">\n\t\t\t\t\t<h1 class=\"elementor-heading-title elementor-size-default\">Privacy Policy<\/h1>\t\t\t\t<\/div>\n\t\t\t\t<\/div>\n\t\t\t\t\t<\/div>\n\t\t<\/div>\n\t\t\t\t\t<\/div>\n\t\t<\/section>\n\t\t\t\t\t<\/div>\n\t\t<\/div>\n\t\t\t\t\t<\/div>\n\t\t<\/section>\n\t\t<div class=\"elementor-element elementor-element-0045f19 e-con-full e-flex e-con e-parent\" data-id=\"0045f19\" data-element_type=\"container\" data-e-type=\"container\">\n\t\t\t\t<div class=\"elementor-element elementor-element-76ef4c1 elementor-widget elementor-widget-text-editor\" data-id=\"76ef4c1\" data-element_type=\"widget\" data-e-type=\"widget\" data-widget_type=\"text-editor.default\">\n\t\t\t\t<div class=\"elementor-widget-container\">\n\t\t\t\t\t\t\t\t\t<h4 class=\"p1\"><strong><span class=\"s1\">1. introduction<\/span><\/strong><\/h4><p class=\"p2\"><span class=\"s1\">The company FERTIPRADO-SEMENTES E NUTRIENTES LDA. (hereinafter FERTIPRADO), as part of its commercial activity, needs to collect some personal data from its customers, however, it respects the right to privacy and does not collect any personal information without the prior consent of its customers.<\/span><\/p><p>FERTIPRADO's Privacy Policy serves to provide a clear understanding of how we collect, use, share and protect our customers' personal data when they use our services or visit our website.<\/p><p class=\"p2\"><span class=\"s1\">FERTIPRADO reserves the right to modify this Privacy Policy at any time, and we therefore recommend that you consult it regularly.<\/span><\/p><p>\u00a0<\/p><h4 class=\"p2\"><span class=\"s1\"><b>2. Nature of Personal Data<\/b><\/span><\/h4><p class=\"p2\"><span class=\"s1\">Personal data means any personal information that you may provide and that may allow us - directly or indirectly - to identify you as a natural person.<\/span><\/p><h4>\u00a0<\/h4><h4 class=\"p1\"><span class=\"s1\"><b>3. Rights of Access, Rectification, Deletion and Opposition<\/b><\/span><\/h4><p class=\"p2\"><span class=\"s1\">Your data will be collected and processed by FERTIPRADO-SEMENTES E NUTRIENTES LDA, legal person number 502 368 969, with registered offices in Herdade dos Esquerdos - Vaiamonte, Portugal. This is the company responsible for processing personal data within the meaning of Regulation (EU) 2016\/679 of the European Parliament and of the Council of 27 April 2016 (hereinafter GDPR).<\/span><\/p><p>Under the GDPR, you have the right to access and rectify the information that concerns you, by means of a simple written request. You can also, for legitimate reasons, object to the processing of data concerning you.<\/p><p class=\"p2\"><span class=\"s1\">To exercise one of these rights and obtain communication of the information that concerns you, simply go to:<\/span><\/p><p class=\"p2\"><span class=\"s1\">Telephone: +351 245 569 000<\/span><\/p><p class=\"p2\"><span class=\"s1\">Registered letter: Fertiprado - Sementes e Nutrientes Lda. Herdade dos Esquerdos - Vaiamonte 7450-250 Monforte - Portugal<\/span><\/p><p class=\"p2\"><span class=\"s1\">E-mail: fertiprado@fertiprado.com<\/span><\/p><h4>\u00a0<\/h4><h4 class=\"p4\"><span class=\"s1\"><b>4. Fertiprado's Commitment to Personal Data Protection<\/b><\/span><\/h4><p class=\"p2\"><span class=\"s1\">Transparency and purpose: No personal data is collected without your consent. The optional or obligatory nature of the conditions to be communicated to FERTIPRADO in the context of the collection made will be indicated in advance. We collect and process your personal data solely for the purposes described in these Terms and Conditions and inform you of the recipients of the data.<\/span><\/p><p class=\"p2\"><span class=\"s1\">Proportionality and relevance: We only collect and process the personal data necessary to correctly process your request or to personalise the services offered to you.<\/span><\/p><p class=\"p2\"><span class=\"s1\">Necessity: We only keep your personal data for the period necessary to process it.<\/span><\/p><p class=\"p2\"><span class=\"s1\">Security and Confidentiality: We undertake to take the necessary measures to guarantee the confidentiality of the data and prevent its disclosure to unauthorised third parties. In the event of data being transferred to authorised third parties, we will take appropriate measures to guarantee the security of the transfer.<\/span><\/p><p class=\"p2\"><span class=\"s1\">Respect for your rights: You are informed of your rights of access, rectification and opposition in accordance with Regulation (EU) 2016\/679 of the European Parliament and of the Council of 27 April 2016 (hereinafter GDPR). The details of the service to be contacted are communicated below.<\/span><\/p><h4 class=\"p2\"><span class=\"s1\"><b>5. What Personal Data is Collected?<\/b><\/span><\/h4><p class=\"p2\"><span class=\"s1\">The mandatory or optional nature of the information requested is indicated during collection by an asterisk. The requested information marked with an asterisk is mandatory because it is indispensable for processing your requests. The other information is intended to get to know you better in order to improve the services offered to you. It is therefore optional.<\/span><\/p><p class=\"p2\"><span class=\"s1\">We collect and process e-mail in particular.\u00a0<\/span><\/p><p class=\"p2\"><span class=\"s1\">We do not voluntarily collect sensitive information, such as that relating to race, ethnicity, political opinions, religious and philosophical beliefs, trade union membership, health details or sexual orientation.<\/span><\/p><h4>\u00a0<\/h4><h4 class=\"p1\"><span class=\"s1\"><b>6. When Will Your Data Be Collected?<\/b><\/span><\/h4><p class=\"p2\"><span class=\"s1\">Your personal data may be collected in different ways and, in particular, when:<\/span><\/p><ul class=\"ul1\"><li class=\"li5\"><span class=\"s1\">contact our sales department by phone or e-mail;<\/span><\/li><li class=\"li5\"><span class=\"s1\">send an electronic message (Facebook; Instagram; Linkedin);<\/span><\/li><li class=\"li5\"><span class=\"s1\">subscribe to the newsletter mailing list;<\/span><\/li><li class=\"li5\"><span class=\"s1\">answers a satisfaction questionnaire;<\/span><\/li><\/ul><p class=\"p2\"><span class=\"s1\">\u00a0<\/span><\/p><h4 class=\"p1\"><span class=\"s1\"><b>7. What Are the Purposes of Data Collection?<\/b><\/span><\/h4><p class=\"p2\"><span class=\"s1\">FERTIPRADO collects the data concerning you that is strictly necessary for the following purposes:<\/span><\/p><ul class=\"ul1\"><li class=\"li5\"><span class=\"s1\">Improving and personalising our services;<\/span><\/li><li class=\"li5\"><span class=\"s1\">Managing and monitoring customer relations;<\/span><\/li><li class=\"li5\"><span class=\"s1\">Newsletter subscription management;<\/span><\/li><li class=\"li5\"><span class=\"s1\">Management of operations related to prospecting;<\/span><\/li><li class=\"li5\"><span class=\"s1\">Preparation of commercial statistics;<\/span><\/li><li class=\"li5\"><span class=\"s1\">Management of your requests for the right of access, rectification and opposition;<\/span><\/li><\/ul><h4>\u00a0<\/h4><h4 class=\"p1\"><span class=\"s1\"><b>08. Sharing Your Personal Data<\/b><\/span><\/h4><p class=\"p2\"><span class=\"s1\">Your personal data collected by FERTIPRADO may be transmitted to its subcontractors, for all or part of the purposes identified above, as well as for the maintenance, hosting and management of its computer systems and equipment, under the terms permitted by the legislation that regulates the processing of personal data, these entities being obliged to maintain confidentiality and guarantee security in relation to the personal data to which they have access for this purpose, and they must not use this data for any other purpose, or for their own benefit, nor relate it to other data they hold.<\/span><\/p><p>Personal data may also be made available to the courts and other competent authorities, in strict compliance with the law.<\/p><h4>\u00a0<\/h4><h4><span class=\"s1\"><b>9. Data Retention<\/b><\/span><\/h4><p class=\"p2\"><span class=\"s1\">The data is kept for a period of time that does not exceed the necessary duration of the purposes for which it was collected.<\/span><\/p><h4>\u00a0<\/h4><h4 class=\"p2\"><span class=\"s1\"><b>10. Social networking<\/b><\/span><\/h4><p class=\"p2\"><span class=\"s1\">We may include third-party computer applications on our site that allow you to share content on our site with other people or to let other people know about your enquiry or your opinion regarding content on our site. This is particularly the case with the \"Share\", \"Like\" and \"Comment\" buttons<span class=\"Apple-converted-space\">\u00a0 <\/span>social networks such as Facebook, Instagram, Linkedin, Youtube, etc.<\/span><\/p><p class=\"p2\"><span class=\"s1\">The social network that provides this application button can identify you via this button, even if you have not used this button during your visit to our site. In fact, this type of application button can allow the respective social network to follow your browsing on our site, provided that your account on the respective social network is active on your terminal (open session) while you are browsing our site.<\/span><\/p><p class=\"p2\"><span class=\"s1\">We have no control over the process used by social networks to collect information relating to your browsing on our site and associated with the personal data they hold. We invite you to consult the privacy policies of these social networks to learn about the purposes of use, particularly advertising, of the browsing information they may collect through these application buttons. In particular, these protection policies should enable you to exercise your choices on these social networks, notably by parameterising your user accounts on each of these networks.<\/span><\/p>\t\t\t\t\t\t\t\t<\/div>\n\t\t\t\t<\/div>\n\t\t\t\t<\/div>\n\t\t\t\t<\/div>","protected":false},"excerpt":{"rendered":"<p>1. Introdu\u00e7\u00e3o A Empresa FERTIPRADO-SEMENTES E NUTRIENTES LDA. (de ora em diante FERTIPRADO), no \u00e2mbito sua atividade comercial, necessitam de recolher alguns dados pessoais dos seus clientes, no entanto, respeitam o direito \u00e0 privacidade e n\u00e3o recolhem qualquer informa\u00e7\u00e3o pessoal sem o pr\u00e9vio consentimento dos seus clientes. A Pol\u00edtica de Privacidade da Empresa FERTIPRADO serve [&hellip;]<\/p>","protected":false},"author":1,"featured_media":4607,"parent":0,"menu_order":0,"comment_status":"closed","ping_status":"closed","template":"elementor_header_footer","meta":{"_acf_changed":false,"inline_featured_image":false,"footnotes":""},"categoria-de-pagina":[],"class_list":["post-11421","page","type-page","status-publish","has-post-thumbnail","hentry"],"acf":[],"yoast_head":"<!-- This site is optimized with the Yoast SEO plugin v24.7 - https:\/\/yoast.com\/wordpress\/plugins\/seo\/ -->\n<title>Pol\u00edtica de Privacidade da Fertiprado | Protegemos os Seus Dados<\/title>\n<meta name=\"description\" content=\"Conhe\u00e7a a pol\u00edtica de privacidade da Fertiprado. Comprometidos com a seguran\u00e7a dos seus dados pessoais e com a transpar\u00eancia sobre como s\u00e3o utilizados.\" \/>\n<meta name=\"robots\" content=\"index, follow, max-snippet:-1, max-image-preview:large, max-video-preview:-1\" \/>\n<link rel=\"canonical\" href=\"https:\/\/fertiprado.pt\/en\/privacy-policy\/\" \/>\n<meta property=\"og:locale\" content=\"en_GB\" \/>\n<meta property=\"og:type\" content=\"article\" \/>\n<meta property=\"og:title\" content=\"Pol\u00edtica de Privacidade da Fertiprado | Protegemos os Seus Dados\" \/>\n<meta property=\"og:description\" content=\"Conhe\u00e7a a pol\u00edtica de privacidade da Fertiprado. Comprometidos com a seguran\u00e7a dos seus dados pessoais e com a transpar\u00eancia sobre como s\u00e3o utilizados.\" \/>\n<meta property=\"og:url\" content=\"https:\/\/fertiprado.pt\/en\/privacy-policy\/\" \/>\n<meta property=\"og:site_name\" content=\"Fertiprado\" \/>\n<meta property=\"article:publisher\" content=\"https:\/\/www.facebook.com\/fertiprado\/\" \/>\n<meta property=\"article:modified_time\" content=\"2025-01-18T18:59:46+00:00\" \/>\n<meta property=\"og:image\" content=\"https:\/\/fertiprado.pt\/wp-content\/uploads\/2023\/10\/trevo_persia_2.jpg\" \/>\n\t<meta property=\"og:image:width\" content=\"2000\" \/>\n\t<meta property=\"og:image:height\" content=\"1333\" \/>\n\t<meta property=\"og:image:type\" content=\"image\/jpeg\" \/>\n<meta name=\"twitter:card\" content=\"summary_large_image\" \/>\n<meta name=\"twitter:label1\" content=\"Estimated reading time\" \/>\n\t<meta name=\"twitter:data1\" content=\"6 minutes\" \/>\n<script type=\"application\/ld+json\" class=\"yoast-schema-graph\">{\"@context\":\"https:\/\/schema.org\",\"@graph\":[{\"@type\":\"WebPage\",\"@id\":\"https:\/\/fertiprado.pt\/politica-de-privacidade\/\",\"url\":\"https:\/\/fertiprado.pt\/politica-de-privacidade\/\",\"name\":\"Pol\u00edtica de Privacidade da Fertiprado | Protegemos os Seus Dados\",\"isPartOf\":{\"@id\":\"https:\/\/fertiprado.pt\/#website\"},\"primaryImageOfPage\":{\"@id\":\"https:\/\/fertiprado.pt\/politica-de-privacidade\/#primaryimage\"},\"image\":{\"@id\":\"https:\/\/fertiprado.pt\/politica-de-privacidade\/#primaryimage\"},\"thumbnailUrl\":\"https:\/\/fertiprado.pt\/wp-content\/uploads\/2023\/10\/trevo_persia_2.jpg\",\"datePublished\":\"2024-03-07T22:14:46+00:00\",\"dateModified\":\"2025-01-18T18:59:46+00:00\",\"description\":\"Conhe\u00e7a a pol\u00edtica de privacidade da Fertiprado. Comprometidos com a seguran\u00e7a dos seus dados pessoais e com a transpar\u00eancia sobre como s\u00e3o utilizados.\",\"breadcrumb\":{\"@id\":\"https:\/\/fertiprado.pt\/politica-de-privacidade\/#breadcrumb\"},\"inLanguage\":\"en-GB\",\"potentialAction\":[{\"@type\":\"ReadAction\",\"target\":[\"https:\/\/fertiprado.pt\/politica-de-privacidade\/\"]}]},{\"@type\":\"ImageObject\",\"inLanguage\":\"en-GB\",\"@id\":\"https:\/\/fertiprado.pt\/politica-de-privacidade\/#primaryimage\",\"url\":\"https:\/\/fertiprado.pt\/wp-content\/uploads\/2023\/10\/trevo_persia_2.jpg\",\"contentUrl\":\"https:\/\/fertiprado.pt\/wp-content\/uploads\/2023\/10\/trevo_persia_2.jpg\",\"width\":2000,\"height\":1333},{\"@type\":\"BreadcrumbList\",\"@id\":\"https:\/\/fertiprado.pt\/politica-de-privacidade\/#breadcrumb\",\"itemListElement\":[{\"@type\":\"ListItem\",\"position\":1,\"name\":\"In\u00edcio\",\"item\":\"https:\/\/fertiprado.pt\/\"},{\"@type\":\"ListItem\",\"position\":2,\"name\":\"Pol\u00edtica de Privacidade\"}]},{\"@type\":\"WebSite\",\"@id\":\"https:\/\/fertiprado.pt\/#website\",\"url\":\"https:\/\/fertiprado.pt\/\",\"name\":\"Fertiprado\",\"description\":\"Pastagens e Forragens\",\"publisher\":{\"@id\":\"https:\/\/fertiprado.pt\/#organization\"},\"potentialAction\":[{\"@type\":\"SearchAction\",\"target\":{\"@type\":\"EntryPoint\",\"urlTemplate\":\"https:\/\/fertiprado.pt\/?s={search_term_string}\"},\"query-input\":{\"@type\":\"PropertyValueSpecification\",\"valueRequired\":true,\"valueName\":\"search_term_string\"}}],\"inLanguage\":\"en-GB\"},{\"@type\":\"Organization\",\"@id\":\"https:\/\/fertiprado.pt\/#organization\",\"name\":\"Fertiprado\",\"url\":\"https:\/\/fertiprado.pt\/\",\"logo\":{\"@type\":\"ImageObject\",\"inLanguage\":\"en-GB\",\"@id\":\"https:\/\/fertiprado.pt\/#\/schema\/logo\/image\/\",\"url\":\"https:\/\/fertiprado.pt\/wp-content\/uploads\/2024\/03\/logo_fertiprado_simple.svg\",\"contentUrl\":\"https:\/\/fertiprado.pt\/wp-content\/uploads\/2024\/03\/logo_fertiprado_simple.svg\",\"width\":283,\"height\":78,\"caption\":\"Fertiprado\"},\"image\":{\"@id\":\"https:\/\/fertiprado.pt\/#\/schema\/logo\/image\/\"},\"sameAs\":[\"https:\/\/www.facebook.com\/fertiprado\/\",\"https:\/\/www.instagram.com\/fertiprado\/\",\"https:\/\/pt.linkedin.com\/company\/fertiprado\"]}]}<\/script>\n<!-- \/ Yoast SEO plugin. -->","yoast_head_json":{"title":"Pol\u00edtica de Privacidade da Fertiprado | Protegemos os Seus Dados","description":"Conhe\u00e7a a pol\u00edtica de privacidade da Fertiprado. Comprometidos com a seguran\u00e7a dos seus dados pessoais e com a transpar\u00eancia sobre como s\u00e3o utilizados.","robots":{"index":"index","follow":"follow","max-snippet":"max-snippet:-1","max-image-preview":"max-image-preview:large","max-video-preview":"max-video-preview:-1"},"canonical":"https:\/\/fertiprado.pt\/en\/privacy-policy\/","og_locale":"en_GB","og_type":"article","og_title":"Pol\u00edtica de Privacidade da Fertiprado | Protegemos os Seus Dados","og_description":"Conhe\u00e7a a pol\u00edtica de privacidade da Fertiprado. Comprometidos com a seguran\u00e7a dos seus dados pessoais e com a transpar\u00eancia sobre como s\u00e3o utilizados.","og_url":"https:\/\/fertiprado.pt\/en\/privacy-policy\/","og_site_name":"Fertiprado","article_publisher":"https:\/\/www.facebook.com\/fertiprado\/","article_modified_time":"2025-01-18T18:59:46+00:00","og_image":[{"width":2000,"height":1333,"url":"https:\/\/fertiprado.pt\/wp-content\/uploads\/2023\/10\/trevo_persia_2.jpg","type":"image\/jpeg"}],"twitter_card":"summary_large_image","twitter_misc":{"Estimated reading time":"6 minutes"},"schema":{"@context":"https:\/\/schema.org","@graph":[{"@type":"WebPage","@id":"https:\/\/fertiprado.pt\/politica-de-privacidade\/","url":"https:\/\/fertiprado.pt\/politica-de-privacidade\/","name":"Pol\u00edtica de Privacidade da Fertiprado | Protegemos os Seus Dados","isPartOf":{"@id":"https:\/\/fertiprado.pt\/#website"},"primaryImageOfPage":{"@id":"https:\/\/fertiprado.pt\/politica-de-privacidade\/#primaryimage"},"image":{"@id":"https:\/\/fertiprado.pt\/politica-de-privacidade\/#primaryimage"},"thumbnailUrl":"https:\/\/fertiprado.pt\/wp-content\/uploads\/2023\/10\/trevo_persia_2.jpg","datePublished":"2024-03-07T22:14:46+00:00","dateModified":"2025-01-18T18:59:46+00:00","description":"Conhe\u00e7a a pol\u00edtica de privacidade da Fertiprado. Comprometidos com a seguran\u00e7a dos seus dados pessoais e com a transpar\u00eancia sobre como s\u00e3o utilizados.","breadcrumb":{"@id":"https:\/\/fertiprado.pt\/politica-de-privacidade\/#breadcrumb"},"inLanguage":"en-GB","potentialAction":[{"@type":"ReadAction","target":["https:\/\/fertiprado.pt\/politica-de-privacidade\/"]}]},{"@type":"ImageObject","inLanguage":"en-GB","@id":"https:\/\/fertiprado.pt\/politica-de-privacidade\/#primaryimage","url":"https:\/\/fertiprado.pt\/wp-content\/uploads\/2023\/10\/trevo_persia_2.jpg","contentUrl":"https:\/\/fertiprado.pt\/wp-content\/uploads\/2023\/10\/trevo_persia_2.jpg","width":2000,"height":1333},{"@type":"BreadcrumbList","@id":"https:\/\/fertiprado.pt\/politica-de-privacidade\/#breadcrumb","itemListElement":[{"@type":"ListItem","position":1,"name":"In\u00edcio","item":"https:\/\/fertiprado.pt\/"},{"@type":"ListItem","position":2,"name":"Pol\u00edtica de Privacidade"}]},{"@type":"WebSite","@id":"https:\/\/fertiprado.pt\/#website","url":"https:\/\/fertiprado.pt\/","name":"Fertiprado","description":"Pastagens e Forragens","publisher":{"@id":"https:\/\/fertiprado.pt\/#organization"},"potentialAction":[{"@type":"SearchAction","target":{"@type":"EntryPoint","urlTemplate":"https:\/\/fertiprado.pt\/?s={search_term_string}"},"query-input":{"@type":"PropertyValueSpecification","valueRequired":true,"valueName":"search_term_string"}}],"inLanguage":"en-GB"},{"@type":"Organization","@id":"https:\/\/fertiprado.pt\/#organization","name":"Fertiprado","url":"https:\/\/fertiprado.pt\/","logo":{"@type":"ImageObject","inLanguage":"en-GB","@id":"https:\/\/fertiprado.pt\/#\/schema\/logo\/image\/","url":"https:\/\/fertiprado.pt\/wp-content\/uploads\/2024\/03\/logo_fertiprado_simple.svg","contentUrl":"https:\/\/fertiprado.pt\/wp-content\/uploads\/2024\/03\/logo_fertiprado_simple.svg","width":283,"height":78,"caption":"Fertiprado"},"image":{"@id":"https:\/\/fertiprado.pt\/#\/schema\/logo\/image\/"},"sameAs":["https:\/\/www.facebook.com\/fertiprado\/","https:\/\/www.instagram.com\/fertiprado\/","https:\/\/pt.linkedin.com\/company\/fertiprado"]}]}},"_links":{"self":[{"href":"https:\/\/fertiprado.pt\/en\/wp-json\/wp\/v2\/pages\/11421","targetHints":{"allow":["GET"]}}],"collection":[{"href":"https:\/\/fertiprado.pt\/en\/wp-json\/wp\/v2\/pages"}],"about":[{"href":"https:\/\/fertiprado.pt\/en\/wp-json\/wp\/v2\/types\/page"}],"author":[{"embeddable":true,"href":"https:\/\/fertiprado.pt\/en\/wp-json\/wp\/v2\/users\/1"}],"replies":[{"embeddable":true,"href":"https:\/\/fertiprado.pt\/en\/wp-json\/wp\/v2\/comments?post=11421"}],"version-history":[{"count":73,"href":"https:\/\/fertiprado.pt\/en\/wp-json\/wp\/v2\/pages\/11421\/revisions"}],"predecessor-version":[{"id":13899,"href":"https:\/\/fertiprado.pt\/en\/wp-json\/wp\/v2\/pages\/11421\/revisions\/13899"}],"wp:featuredmedia":[{"embeddable":true,"href":"https:\/\/fertiprado.pt\/en\/wp-json\/wp\/v2\/media\/4607"}],"wp:attachment":[{"href":"https:\/\/fertiprado.pt\/en\/wp-json\/wp\/v2\/media?parent=11421"}],"wp:term":[{"taxonomy":"categoria-de-pagina","embeddable":true,"href":"https:\/\/fertiprado.pt\/en\/wp-json\/wp\/v2\/categoria-de-pagina?post=11421"}],"curies":[{"name":"wp","href":"https:\/\/api.w.org\/{rel}","templated":true}]}}