{"id":3421,"date":"2023-09-10T10:25:42","date_gmt":"2023-09-10T10:25:42","guid":{"rendered":"https:\/\/rafaelflores.pt\/?page_id=3421"},"modified":"2024-06-03T22:14:38","modified_gmt":"2024-06-03T22:14:38","slug":"smentes-puras","status":"publish","type":"page","link":"https:\/\/fertiprado.pt\/en\/pure-seeds\/","title":{"rendered":"Pure Seeds"},"content":{"rendered":"<div data-elementor-type=\"wp-page\" data-elementor-id=\"3421\" class=\"elementor elementor-3421\" data-elementor-post-type=\"page\">\n\t\t\t\t\t\t<section class=\"elementor-section elementor-top-section elementor-element elementor-element-fe32307 elementor-section-height-min-height elementor-section-full_width elementor-section-height-default elementor-section-items-middle\" data-id=\"fe32307\" data-element_type=\"section\" data-e-type=\"section\" data-settings=\"{&quot;background_background&quot;:&quot;classic&quot;,&quot;background_motion_fx_motion_fx_mouse&quot;:&quot;yes&quot;,&quot;background_motion_fx_motion_fx_scrolling&quot;:&quot;yes&quot;,&quot;background_motion_fx_scale_speed&quot;:{&quot;unit&quot;:&quot;px&quot;,&quot;size&quot;:10,&quot;sizes&quot;:[]},&quot;background_motion_fx_scale_effect&quot;:&quot;yes&quot;,&quot;background_motion_fx_scale_direction&quot;:&quot;out-in&quot;,&quot;background_motion_fx_scale_range&quot;:{&quot;unit&quot;:&quot;%&quot;,&quot;size&quot;:&quot;&quot;,&quot;sizes&quot;:{&quot;start&quot;:20,&quot;end&quot;:80}},&quot;background_motion_fx_devices&quot;:[&quot;desktop&quot;,&quot;laptop&quot;,&quot;tablet&quot;,&quot;mobile&quot;]}\">\n\t\t\t\t\t\t\t<div class=\"elementor-background-overlay\"><\/div>\n\t\t\t\t\t\t\t<div class=\"elementor-container elementor-column-gap-default\">\n\t\t\t\t\t<div class=\"elementor-column elementor-col-100 elementor-top-column elementor-element elementor-element-3666855\" data-id=\"3666855\" data-element_type=\"column\" data-e-type=\"column\">\n\t\t\t<div class=\"elementor-widget-wrap elementor-element-populated\">\n\t\t\t\t\t\t<section class=\"elementor-section elementor-inner-section elementor-element elementor-element-56d5333 elementor-section-full_width elementor-section-height-default elementor-section-height-default\" data-id=\"56d5333\" data-element_type=\"section\" data-e-type=\"section\">\n\t\t\t\t\t\t<div class=\"elementor-container elementor-column-gap-default\">\n\t\t\t\t\t<div class=\"elementor-column elementor-col-100 elementor-inner-column elementor-element elementor-element-487cf45\" data-id=\"487cf45\" data-element_type=\"column\" data-e-type=\"column\">\n\t\t\t<div class=\"elementor-widget-wrap elementor-element-populated\">\n\t\t\t\t\t\t<div class=\"elementor-element elementor-element-27f7cc7 elementor-widget elementor-widget-theme-post-title elementor-page-title elementor-widget-heading\" data-id=\"27f7cc7\" data-element_type=\"widget\" data-e-type=\"widget\" data-widget_type=\"theme-post-title.default\">\n\t\t\t\t<div class=\"elementor-widget-container\">\n\t\t\t\t\t<h1 class=\"elementor-heading-title elementor-size-default\">Pure Seeds<\/h1>\t\t\t\t<\/div>\n\t\t\t\t<\/div>\n\t\t\t\t\t<\/div>\n\t\t<\/div>\n\t\t\t\t\t<\/div>\n\t\t<\/section>\n\t\t\t\t\t<\/div>\n\t\t<\/div>\n\t\t\t\t\t<\/div>\n\t\t<\/section>\n\t\t<div class=\"elementor-element elementor-element-86a0434 e-grid e-con-boxed e-con e-parent\" data-id=\"86a0434\" data-element_type=\"container\" data-e-type=\"container\">\n\t\t\t\t\t<div class=\"e-con-inner\">\n\t\t\t\t<div class=\"elementor-element elementor-element-6c07898 elementor-cta--layout-image-above elementor-cta--valign-top elementor-cta--tablet-layout-image-above elementor-cta--skin-classic elementor-animated-content elementor-bg-transform elementor-bg-transform-zoom-in elementor-widget elementor-widget-call-to-action\" data-id=\"6c07898\" data-element_type=\"widget\" data-e-type=\"widget\" data-widget_type=\"call-to-action.default\">\n\t\t\t\t<div class=\"elementor-widget-container\">\n\t\t\t\t\t\t\t<a class=\"elementor-cta\" href=\"\/en\/annual-legumes\/\">\n\t\t\t\t\t<div class=\"elementor-cta__bg-wrapper\">\n\t\t\t\t<div class=\"elementor-cta__bg elementor-bg\" style=\"background-image: url(https:\/\/fertiprado.pt\/wp-content\/uploads\/2024\/03\/trevo_-squarroso-1.jpg);\" role=\"img\" aria-label=\"clover_ squarroso 1\"><\/div>\n\t\t\t\t<div class=\"elementor-cta__bg-overlay\"><\/div>\n\t\t\t<\/div>\n\t\t\t\t\t\t\t<div class=\"elementor-cta__content\">\n\t\t\t\t\n\t\t\t\t\t\t\t\t\t<h2 class=\"elementor-cta__title elementor-cta__content-item elementor-content-item\">\n\t\t\t\t\t\tAnnual Legumes\t\t\t\t\t<\/h2>\n\t\t\t\t\n\t\t\t\t\n\t\t\t\t\t\t\t<\/div>\n\t\t\t\t\t\t<\/a>\n\t\t\t\t\t\t<\/div>\n\t\t\t\t<\/div>\n\t\t\t\t<div class=\"elementor-element elementor-element-2ec8a8c elementor-cta--layout-image-above elementor-cta--valign-top elementor-cta--tablet-layout-image-above elementor-cta--skin-classic elementor-animated-content elementor-bg-transform elementor-bg-transform-zoom-in elementor-widget elementor-widget-call-to-action\" data-id=\"2ec8a8c\" data-element_type=\"widget\" data-e-type=\"widget\" data-widget_type=\"call-to-action.default\">\n\t\t\t\t<div class=\"elementor-widget-container\">\n\t\t\t\t\t\t\t<a class=\"elementor-cta\" href=\"\/en\/annual-reseeding-legumes\/\">\n\t\t\t\t\t<div class=\"elementor-cta__bg-wrapper\">\n\t\t\t\t<div class=\"elementor-cta__bg elementor-bg\" style=\"background-image: url(https:\/\/fertiprado.pt\/wp-content\/uploads\/2024\/03\/trevo-vesiculoso.jpeg);\" role=\"img\" aria-label=\"vesicular clover\"><\/div>\n\t\t\t\t<div class=\"elementor-cta__bg-overlay\"><\/div>\n\t\t\t<\/div>\n\t\t\t\t\t\t\t<div class=\"elementor-cta__content\">\n\t\t\t\t\n\t\t\t\t\t\t\t\t\t<h2 class=\"elementor-cta__title elementor-cta__content-item elementor-content-item\">\n\t\t\t\t\t\tAnnual Reseed Legumes\t\t\t\t\t<\/h2>\n\t\t\t\t\n\t\t\t\t\n\t\t\t\t\t\t\t<\/div>\n\t\t\t\t\t\t<\/a>\n\t\t\t\t\t\t<\/div>\n\t\t\t\t<\/div>\n\t\t\t\t<div class=\"elementor-element elementor-element-331ae4c elementor-cta--layout-image-above elementor-cta--valign-top elementor-cta--tablet-layout-image-above elementor-cta--skin-classic elementor-animated-content elementor-bg-transform elementor-bg-transform-zoom-in elementor-widget elementor-widget-call-to-action\" data-id=\"331ae4c\" data-element_type=\"widget\" data-e-type=\"widget\" data-widget_type=\"call-to-action.default\">\n\t\t\t\t<div class=\"elementor-widget-container\">\n\t\t\t\t\t\t\t<a class=\"elementor-cta\" href=\"\/en\/perennial-legumes\/\">\n\t\t\t\t\t<div class=\"elementor-cta__bg-wrapper\">\n\t\t\t\t<div class=\"elementor-cta__bg elementor-bg\" style=\"background-image: url(https:\/\/fertiprado.pt\/wp-content\/uploads\/2024\/03\/trevo_branco_1.jpg);\" role=\"img\" aria-label=\"SONY DSC\"><\/div>\n\t\t\t\t<div class=\"elementor-cta__bg-overlay\"><\/div>\n\t\t\t<\/div>\n\t\t\t\t\t\t\t<div class=\"elementor-cta__content\">\n\t\t\t\t\n\t\t\t\t\t\t\t\t\t<h2 class=\"elementor-cta__title elementor-cta__content-item elementor-content-item\">\n\t\t\t\t\t\tPerennial Legumes\t\t\t\t\t<\/h2>\n\t\t\t\t\n\t\t\t\t\n\t\t\t\t\t\t\t<\/div>\n\t\t\t\t\t\t<\/a>\n\t\t\t\t\t\t<\/div>\n\t\t\t\t<\/div>\n\t\t\t\t<div class=\"elementor-element elementor-element-272b278 elementor-cta--layout-image-above elementor-cta--valign-top elementor-cta--tablet-layout-image-above elementor-cta--skin-classic elementor-animated-content elementor-bg-transform elementor-bg-transform-zoom-in elementor-widget elementor-widget-call-to-action\" data-id=\"272b278\" data-element_type=\"widget\" data-e-type=\"widget\" data-widget_type=\"call-to-action.default\">\n\t\t\t\t<div class=\"elementor-widget-container\">\n\t\t\t\t\t\t\t<a class=\"elementor-cta\" href=\"\/en\/azevens\/\">\n\t\t\t\t\t<div class=\"elementor-cta__bg-wrapper\">\n\t\t\t\t<div class=\"elementor-cta__bg elementor-bg\" style=\"background-image: url(https:\/\/fertiprado.pt\/wp-content\/uploads\/2024\/01\/42-manawa-azevem-hibrido.jpg);\" role=\"img\" aria-label=\"42 manawa hybrid ryegrass\"><\/div>\n\t\t\t\t<div class=\"elementor-cta__bg-overlay\"><\/div>\n\t\t\t<\/div>\n\t\t\t\t\t\t\t<div class=\"elementor-cta__content\">\n\t\t\t\t\n\t\t\t\t\t\t\t\t\t<h2 class=\"elementor-cta__title elementor-cta__content-item elementor-content-item\">\n\t\t\t\t\t\tRyegrass\t\t\t\t\t<\/h2>\n\t\t\t\t\n\t\t\t\t\n\t\t\t\t\t\t\t<\/div>\n\t\t\t\t\t\t<\/a>\n\t\t\t\t\t\t<\/div>\n\t\t\t\t<\/div>\n\t\t\t\t<div class=\"elementor-element elementor-element-f76acf0 elementor-cta--layout-image-above elementor-cta--valign-top elementor-cta--tablet-layout-image-above elementor-cta--skin-classic elementor-animated-content elementor-bg-transform elementor-bg-transform-zoom-in elementor-widget elementor-widget-call-to-action\" data-id=\"f76acf0\" data-element_type=\"widget\" data-e-type=\"widget\" data-widget_type=\"call-to-action.default\">\n\t\t\t\t<div class=\"elementor-widget-container\">\n\t\t\t\t\t\t\t<a class=\"elementor-cta\" href=\"\/en\/annual-grasses\/\">\n\t\t\t\t\t<div class=\"elementor-cta__bg-wrapper\">\n\t\t\t\t<div class=\"elementor-cta__bg elementor-bg\" style=\"background-image: url(https:\/\/fertiprado.pt\/wp-content\/uploads\/2024\/03\/w.-triticale.jpg);\" role=\"img\" aria-label=\"w. triticale\"><\/div>\n\t\t\t\t<div class=\"elementor-cta__bg-overlay\"><\/div>\n\t\t\t<\/div>\n\t\t\t\t\t\t\t<div class=\"elementor-cta__content\">\n\t\t\t\t\n\t\t\t\t\t\t\t\t\t<h2 class=\"elementor-cta__title elementor-cta__content-item elementor-content-item\">\n\t\t\t\t\t\tAnnual Grasses\t\t\t\t\t<\/h2>\n\t\t\t\t\n\t\t\t\t\n\t\t\t\t\t\t\t<\/div>\n\t\t\t\t\t\t<\/a>\n\t\t\t\t\t\t<\/div>\n\t\t\t\t<\/div>\n\t\t\t\t<div class=\"elementor-element elementor-element-29a799e elementor-cta--layout-image-above elementor-cta--valign-top elementor-cta--tablet-layout-image-above elementor-cta--skin-classic elementor-animated-content elementor-bg-transform elementor-bg-transform-zoom-in elementor-widget elementor-widget-call-to-action\" data-id=\"29a799e\" data-element_type=\"widget\" data-e-type=\"widget\" data-widget_type=\"call-to-action.default\">\n\t\t\t\t<div class=\"elementor-widget-container\">\n\t\t\t\t\t\t\t<a class=\"elementor-cta\" href=\"\/en\/perennial-grasses\/\">\n\t\t\t\t\t<div class=\"elementor-cta__bg-wrapper\">\n\t\t\t\t<div class=\"elementor-cta__bg elementor-bg\" style=\"background-image: url(https:\/\/fertiprado.pt\/wp-content\/uploads\/2024\/03\/dactylis-Gl_panasco.jpeg);\" role=\"img\" aria-label=\"dactylis Gl_panasco\"><\/div>\n\t\t\t\t<div class=\"elementor-cta__bg-overlay\"><\/div>\n\t\t\t<\/div>\n\t\t\t\t\t\t\t<div class=\"elementor-cta__content\">\n\t\t\t\t\n\t\t\t\t\t\t\t\t\t<h2 class=\"elementor-cta__title elementor-cta__content-item elementor-content-item\">\n\t\t\t\t\t\tPerennial Grasses\t\t\t\t\t<\/h2>\n\t\t\t\t\n\t\t\t\t\n\t\t\t\t\t\t\t<\/div>\n\t\t\t\t\t\t<\/a>\n\t\t\t\t\t\t<\/div>\n\t\t\t\t<\/div>\n\t\t\t\t<div class=\"elementor-element elementor-element-e6f9b79 elementor-cta--layout-image-above elementor-cta--valign-top elementor-cta--tablet-layout-image-above elementor-cta--skin-classic elementor-animated-content elementor-bg-transform elementor-bg-transform-zoom-in elementor-widget elementor-widget-call-to-action\" data-id=\"e6f9b79\" data-element_type=\"widget\" data-e-type=\"widget\" data-widget_type=\"call-to-action.default\">\n\t\t\t\t<div class=\"elementor-widget-container\">\n\t\t\t\t\t\t\t<a class=\"elementor-cta\" href=\"\/en\/sorghum-and-sudan-grass\/\">\n\t\t\t\t\t<div class=\"elementor-cta__bg-wrapper\">\n\t\t\t\t<div class=\"elementor-cta__bg elementor-bg\" style=\"background-image: url(https:\/\/fertiprado.pt\/wp-content\/uploads\/2024\/03\/sorgo1.jpg);\" role=\"img\" aria-label=\"sorghum1\"><\/div>\n\t\t\t\t<div class=\"elementor-cta__bg-overlay\"><\/div>\n\t\t\t<\/div>\n\t\t\t\t\t\t\t<div class=\"elementor-cta__content\">\n\t\t\t\t\n\t\t\t\t\t\t\t\t\t<h2 class=\"elementor-cta__title elementor-cta__content-item elementor-content-item\">\n\t\t\t\t\t\tSorghum and Sudan grass\t\t\t\t\t<\/h2>\n\t\t\t\t\n\t\t\t\t\n\t\t\t\t\t\t\t<\/div>\n\t\t\t\t\t\t<\/a>\n\t\t\t\t\t\t<\/div>\n\t\t\t\t<\/div>\n\t\t\t\t<div class=\"elementor-element elementor-element-411843d elementor-cta--layout-image-above elementor-cta--valign-top elementor-cta--tablet-layout-image-above elementor-cta--skin-classic elementor-animated-content elementor-bg-transform elementor-bg-transform-zoom-in elementor-widget elementor-widget-call-to-action\" data-id=\"411843d\" data-element_type=\"widget\" data-e-type=\"widget\" data-widget_type=\"call-to-action.default\">\n\t\t\t\t<div class=\"elementor-widget-container\">\n\t\t\t\t\t\t\t<a class=\"elementor-cta\" href=\"\/en\/other\/\">\n\t\t\t\t\t<div class=\"elementor-cta__bg-wrapper\">\n\t\t\t\t<div class=\"elementor-cta__bg elementor-bg\" style=\"background-image: url(https:\/\/fertiprado.pt\/wp-content\/uploads\/2024\/03\/chicora_2.jpg);\" role=\"img\" aria-label=\"Chicoria\"><\/div>\n\t\t\t\t<div class=\"elementor-cta__bg-overlay\"><\/div>\n\t\t\t<\/div>\n\t\t\t\t\t\t\t<div class=\"elementor-cta__content\">\n\t\t\t\t\n\t\t\t\t\t\t\t\t\t<h2 class=\"elementor-cta__title elementor-cta__content-item elementor-content-item\">\n\t\t\t\t\t\tOther\t\t\t\t\t<\/h2>\n\t\t\t\t\n\t\t\t\t\n\t\t\t\t\t\t\t<\/div>\n\t\t\t\t\t\t<\/a>\n\t\t\t\t\t\t<\/div>\n\t\t\t\t<\/div>\n\t\t\t\t\t<\/div>\n\t\t\t\t<\/div>\n\t\t\t\t<\/div>","protected":false},"excerpt":{"rendered":"<p>Annual Legumes Annual Sowing Legumes Perennial Legumes Ryegrasses Annual Grasses Perennial Grasses Sorghum and Sudan Grass Other<\/p>","protected":false},"author":1,"featured_media":4650,"parent":0,"menu_order":0,"comment_status":"closed","ping_status":"closed","template":"elementor_header_footer","meta":{"_acf_changed":false,"inline_featured_image":false,"footnotes":""},"categoria-de-pagina":[],"class_list":["post-3421","page","type-page","status-publish","has-post-thumbnail","hentry"],"acf":[],"yoast_head":"<!-- This site is optimized with the Yoast SEO plugin v24.7 - https:\/\/yoast.com\/wordpress\/plugins\/seo\/ -->\n<title>Sementes Puras para Agricultura Sustent\u00e1vel | Fertiprado<\/title>\n<meta name=\"description\" content=\"Explore a nossa sele\u00e7\u00e3o de sementes puras, incluindo leguminosas anuais e perenes, azev\u00e9ns, e mais. Ideal para promover a biodiversidade e a sustentabilidade no campo.\" \/>\n<meta name=\"robots\" content=\"index, follow, max-snippet:-1, max-image-preview:large, max-video-preview:-1\" \/>\n<link rel=\"canonical\" href=\"https:\/\/fertiprado.pt\/en\/pure-seeds\/\" \/>\n<meta property=\"og:locale\" content=\"en_GB\" \/>\n<meta property=\"og:type\" content=\"article\" \/>\n<meta property=\"og:title\" content=\"Sementes Puras para Agricultura Sustent\u00e1vel | Fertiprado\" \/>\n<meta property=\"og:description\" content=\"Explore a nossa sele\u00e7\u00e3o de sementes puras, incluindo leguminosas anuais e perenes, azev\u00e9ns, e mais. Ideal para promover a biodiversidade e a sustentabilidade no campo.\" \/>\n<meta property=\"og:url\" content=\"https:\/\/fertiprado.pt\/en\/pure-seeds\/\" \/>\n<meta property=\"og:site_name\" content=\"Fertiprado\" \/>\n<meta property=\"article:publisher\" content=\"https:\/\/www.facebook.com\/fertiprado\/\" \/>\n<meta property=\"article:modified_time\" content=\"2024-06-03T22:14:38+00:00\" \/>\n<meta property=\"og:image\" content=\"https:\/\/fertiprado.pt\/wp-content\/uploads\/2023\/10\/Instalac\u0327oes_fertiprado_2023-86.jpg\" \/>\n\t<meta property=\"og:image:width\" content=\"2000\" \/>\n\t<meta property=\"og:image:height\" content=\"1333\" \/>\n\t<meta property=\"og:image:type\" content=\"image\/jpeg\" \/>\n<meta name=\"twitter:card\" content=\"summary_large_image\" \/>\n<meta name=\"twitter:label1\" content=\"Estimated reading time\" \/>\n\t<meta name=\"twitter:data1\" content=\"1 minute\" \/>\n<script type=\"application\/ld+json\" class=\"yoast-schema-graph\">{\"@context\":\"https:\/\/schema.org\",\"@graph\":[{\"@type\":\"WebPage\",\"@id\":\"https:\/\/fertiprado.pt\/smentes-puras\/\",\"url\":\"https:\/\/fertiprado.pt\/smentes-puras\/\",\"name\":\"Sementes Puras para Agricultura Sustent\u00e1vel | Fertiprado\",\"isPartOf\":{\"@id\":\"https:\/\/fertiprado.pt\/#website\"},\"primaryImageOfPage\":{\"@id\":\"https:\/\/fertiprado.pt\/smentes-puras\/#primaryimage\"},\"image\":{\"@id\":\"https:\/\/fertiprado.pt\/smentes-puras\/#primaryimage\"},\"thumbnailUrl\":\"https:\/\/fertiprado.pt\/wp-content\/uploads\/2023\/10\/Instalac\u0327oes_fertiprado_2023-86.jpg\",\"datePublished\":\"2023-09-10T10:25:42+00:00\",\"dateModified\":\"2024-06-03T22:14:38+00:00\",\"description\":\"Explore a nossa sele\u00e7\u00e3o de sementes puras, incluindo leguminosas anuais e perenes, azev\u00e9ns, e mais. Ideal para promover a biodiversidade e a sustentabilidade no campo.\",\"breadcrumb\":{\"@id\":\"https:\/\/fertiprado.pt\/smentes-puras\/#breadcrumb\"},\"inLanguage\":\"en-GB\",\"potentialAction\":[{\"@type\":\"ReadAction\",\"target\":[\"https:\/\/fertiprado.pt\/smentes-puras\/\"]}]},{\"@type\":\"ImageObject\",\"inLanguage\":\"en-GB\",\"@id\":\"https:\/\/fertiprado.pt\/smentes-puras\/#primaryimage\",\"url\":\"https:\/\/fertiprado.pt\/wp-content\/uploads\/2023\/10\/Instalac\u0327oes_fertiprado_2023-86.jpg\",\"contentUrl\":\"https:\/\/fertiprado.pt\/wp-content\/uploads\/2023\/10\/Instalac\u0327oes_fertiprado_2023-86.jpg\",\"width\":2000,\"height\":1333},{\"@type\":\"BreadcrumbList\",\"@id\":\"https:\/\/fertiprado.pt\/smentes-puras\/#breadcrumb\",\"itemListElement\":[{\"@type\":\"ListItem\",\"position\":1,\"name\":\"In\u00edcio\",\"item\":\"https:\/\/fertiprado.pt\/\"},{\"@type\":\"ListItem\",\"position\":2,\"name\":\"Sementes Puras\"}]},{\"@type\":\"WebSite\",\"@id\":\"https:\/\/fertiprado.pt\/#website\",\"url\":\"https:\/\/fertiprado.pt\/\",\"name\":\"Fertiprado\",\"description\":\"Pastagens e Forragens\",\"publisher\":{\"@id\":\"https:\/\/fertiprado.pt\/#organization\"},\"potentialAction\":[{\"@type\":\"SearchAction\",\"target\":{\"@type\":\"EntryPoint\",\"urlTemplate\":\"https:\/\/fertiprado.pt\/?s={search_term_string}\"},\"query-input\":{\"@type\":\"PropertyValueSpecification\",\"valueRequired\":true,\"valueName\":\"search_term_string\"}}],\"inLanguage\":\"en-GB\"},{\"@type\":\"Organization\",\"@id\":\"https:\/\/fertiprado.pt\/#organization\",\"name\":\"Fertiprado\",\"url\":\"https:\/\/fertiprado.pt\/\",\"logo\":{\"@type\":\"ImageObject\",\"inLanguage\":\"en-GB\",\"@id\":\"https:\/\/fertiprado.pt\/#\/schema\/logo\/image\/\",\"url\":\"https:\/\/fertiprado.pt\/wp-content\/uploads\/2024\/03\/logo_fertiprado_simple.svg\",\"contentUrl\":\"https:\/\/fertiprado.pt\/wp-content\/uploads\/2024\/03\/logo_fertiprado_simple.svg\",\"width\":283,\"height\":78,\"caption\":\"Fertiprado\"},\"image\":{\"@id\":\"https:\/\/fertiprado.pt\/#\/schema\/logo\/image\/\"},\"sameAs\":[\"https:\/\/www.facebook.com\/fertiprado\/\",\"https:\/\/www.instagram.com\/fertiprado\/\",\"https:\/\/pt.linkedin.com\/company\/fertiprado\"]}]}<\/script>\n<!-- \/ Yoast SEO plugin. -->","yoast_head_json":{"title":"Sementes Puras para Agricultura Sustent\u00e1vel | Fertiprado","description":"Explore a nossa sele\u00e7\u00e3o de sementes puras, incluindo leguminosas anuais e perenes, azev\u00e9ns, e mais. Ideal para promover a biodiversidade e a sustentabilidade no campo.","robots":{"index":"index","follow":"follow","max-snippet":"max-snippet:-1","max-image-preview":"max-image-preview:large","max-video-preview":"max-video-preview:-1"},"canonical":"https:\/\/fertiprado.pt\/en\/pure-seeds\/","og_locale":"en_GB","og_type":"article","og_title":"Sementes Puras para Agricultura Sustent\u00e1vel | Fertiprado","og_description":"Explore a nossa sele\u00e7\u00e3o de sementes puras, incluindo leguminosas anuais e perenes, azev\u00e9ns, e mais. Ideal para promover a biodiversidade e a sustentabilidade no campo.","og_url":"https:\/\/fertiprado.pt\/en\/pure-seeds\/","og_site_name":"Fertiprado","article_publisher":"https:\/\/www.facebook.com\/fertiprado\/","article_modified_time":"2024-06-03T22:14:38+00:00","og_image":[{"width":2000,"height":1333,"url":"https:\/\/fertiprado.pt\/wp-content\/uploads\/2023\/10\/Instalac\u0327oes_fertiprado_2023-86.jpg","type":"image\/jpeg"}],"twitter_card":"summary_large_image","twitter_misc":{"Estimated reading time":"1 minute"},"schema":{"@context":"https:\/\/schema.org","@graph":[{"@type":"WebPage","@id":"https:\/\/fertiprado.pt\/smentes-puras\/","url":"https:\/\/fertiprado.pt\/smentes-puras\/","name":"Sementes Puras para Agricultura Sustent\u00e1vel | Fertiprado","isPartOf":{"@id":"https:\/\/fertiprado.pt\/#website"},"primaryImageOfPage":{"@id":"https:\/\/fertiprado.pt\/smentes-puras\/#primaryimage"},"image":{"@id":"https:\/\/fertiprado.pt\/smentes-puras\/#primaryimage"},"thumbnailUrl":"https:\/\/fertiprado.pt\/wp-content\/uploads\/2023\/10\/Instalac\u0327oes_fertiprado_2023-86.jpg","datePublished":"2023-09-10T10:25:42+00:00","dateModified":"2024-06-03T22:14:38+00:00","description":"Explore a nossa sele\u00e7\u00e3o de sementes puras, incluindo leguminosas anuais e perenes, azev\u00e9ns, e mais. Ideal para promover a biodiversidade e a sustentabilidade no campo.","breadcrumb":{"@id":"https:\/\/fertiprado.pt\/smentes-puras\/#breadcrumb"},"inLanguage":"en-GB","potentialAction":[{"@type":"ReadAction","target":["https:\/\/fertiprado.pt\/smentes-puras\/"]}]},{"@type":"ImageObject","inLanguage":"en-GB","@id":"https:\/\/fertiprado.pt\/smentes-puras\/#primaryimage","url":"https:\/\/fertiprado.pt\/wp-content\/uploads\/2023\/10\/Instalac\u0327oes_fertiprado_2023-86.jpg","contentUrl":"https:\/\/fertiprado.pt\/wp-content\/uploads\/2023\/10\/Instalac\u0327oes_fertiprado_2023-86.jpg","width":2000,"height":1333},{"@type":"BreadcrumbList","@id":"https:\/\/fertiprado.pt\/smentes-puras\/#breadcrumb","itemListElement":[{"@type":"ListItem","position":1,"name":"In\u00edcio","item":"https:\/\/fertiprado.pt\/"},{"@type":"ListItem","position":2,"name":"Sementes Puras"}]},{"@type":"WebSite","@id":"https:\/\/fertiprado.pt\/#website","url":"https:\/\/fertiprado.pt\/","name":"Fertiprado","description":"Pastagens e Forragens","publisher":{"@id":"https:\/\/fertiprado.pt\/#organization"},"potentialAction":[{"@type":"SearchAction","target":{"@type":"EntryPoint","urlTemplate":"https:\/\/fertiprado.pt\/?s={search_term_string}"},"query-input":{"@type":"PropertyValueSpecification","valueRequired":true,"valueName":"search_term_string"}}],"inLanguage":"en-GB"},{"@type":"Organization","@id":"https:\/\/fertiprado.pt\/#organization","name":"Fertiprado","url":"https:\/\/fertiprado.pt\/","logo":{"@type":"ImageObject","inLanguage":"en-GB","@id":"https:\/\/fertiprado.pt\/#\/schema\/logo\/image\/","url":"https:\/\/fertiprado.pt\/wp-content\/uploads\/2024\/03\/logo_fertiprado_simple.svg","contentUrl":"https:\/\/fertiprado.pt\/wp-content\/uploads\/2024\/03\/logo_fertiprado_simple.svg","width":283,"height":78,"caption":"Fertiprado"},"image":{"@id":"https:\/\/fertiprado.pt\/#\/schema\/logo\/image\/"},"sameAs":["https:\/\/www.facebook.com\/fertiprado\/","https:\/\/www.instagram.com\/fertiprado\/","https:\/\/pt.linkedin.com\/company\/fertiprado"]}]}},"_links":{"self":[{"href":"https:\/\/fertiprado.pt\/en\/wp-json\/wp\/v2\/pages\/3421","targetHints":{"allow":["GET"]}}],"collection":[{"href":"https:\/\/fertiprado.pt\/en\/wp-json\/wp\/v2\/pages"}],"about":[{"href":"https:\/\/fertiprado.pt\/en\/wp-json\/wp\/v2\/types\/page"}],"author":[{"embeddable":true,"href":"https:\/\/fertiprado.pt\/en\/wp-json\/wp\/v2\/users\/1"}],"replies":[{"embeddable":true,"href":"https:\/\/fertiprado.pt\/en\/wp-json\/wp\/v2\/comments?post=3421"}],"version-history":[{"count":247,"href":"https:\/\/fertiprado.pt\/en\/wp-json\/wp\/v2\/pages\/3421\/revisions"}],"predecessor-version":[{"id":13405,"href":"https:\/\/fertiprado.pt\/en\/wp-json\/wp\/v2\/pages\/3421\/revisions\/13405"}],"wp:featuredmedia":[{"embeddable":true,"href":"https:\/\/fertiprado.pt\/en\/wp-json\/wp\/v2\/media\/4650"}],"wp:attachment":[{"href":"https:\/\/fertiprado.pt\/en\/wp-json\/wp\/v2\/media?parent=3421"}],"wp:term":[{"taxonomy":"categoria-de-pagina","embeddable":true,"href":"https:\/\/fertiprado.pt\/en\/wp-json\/wp\/v2\/categoria-de-pagina?post=3421"}],"curies":[{"name":"wp","href":"https:\/\/api.w.org\/{rel}","templated":true}]}}