{"id":13912,"date":"2025-02-19T18:49:19","date_gmt":"2025-02-19T18:49:19","guid":{"rendered":"https:\/\/fertiprado.pt\/?page_id=13912"},"modified":"2025-10-09T10:08:46","modified_gmt":"2025-10-09T10:08:46","slug":"inscricao","status":"publish","type":"page","link":"https:\/\/fertiprado.pt\/fr\/inscricao\/","title":{"rendered":"Inscri\u00e7\u00e3o"},"content":{"rendered":"<div data-elementor-type=\"wp-page\" data-elementor-id=\"13912\" class=\"elementor elementor-13912\" data-elementor-post-type=\"page\">\n\t\t\t\t\t\t<section class=\"elementor-section elementor-top-section elementor-element elementor-element-52ac2dd elementor-section-height-min-height elementor-section-content-top elementor-section-items-top elementor-section-boxed elementor-section-height-default\" data-id=\"52ac2dd\" data-element_type=\"section\">\n\t\t\t\t\t\t<div class=\"elementor-container elementor-column-gap-default\">\n\t\t\t\t\t<div class=\"elementor-column elementor-col-50 elementor-top-column elementor-element elementor-element-7bb7c6f\" data-id=\"7bb7c6f\" data-element_type=\"column\">\n\t\t\t<div class=\"elementor-widget-wrap elementor-element-populated\">\n\t\t\t\t\t\t<div class=\"elementor-element elementor-element-d30dee0 elementor-widget elementor-widget-image\" data-id=\"d30dee0\" data-element_type=\"widget\" data-widget_type=\"image.default\">\n\t\t\t\t<div class=\"elementor-widget-container\">\n\t\t\t\t\t\t\t\t\t\t\t\t\t\t\t<img fetchpriority=\"high\" decoding=\"async\" width=\"1080\" height=\"1080\" src=\"https:\/\/fertiprado.pt\/wp-content\/uploads\/2025\/10\/layout-cersul2-site.png\" class=\"attachment-full size-full wp-image-14446\" alt=\"\" srcset=\"https:\/\/fertiprado.pt\/wp-content\/uploads\/2025\/10\/layout-cersul2-site.png 1080w, https:\/\/fertiprado.pt\/wp-content\/uploads\/2025\/10\/layout-cersul2-site-300x300.png 300w, https:\/\/fertiprado.pt\/wp-content\/uploads\/2025\/10\/layout-cersul2-site-1024x1024.png 1024w, https:\/\/fertiprado.pt\/wp-content\/uploads\/2025\/10\/layout-cersul2-site-150x150.png 150w, https:\/\/fertiprado.pt\/wp-content\/uploads\/2025\/10\/layout-cersul2-site-768x768.png 768w, https:\/\/fertiprado.pt\/wp-content\/uploads\/2025\/10\/layout-cersul2-site-12x12.png 12w\" sizes=\"(max-width: 1080px) 100vw, 1080px\" \/>\t\t\t\t\t\t\t\t\t\t\t\t\t\t\t<\/div>\n\t\t\t\t<\/div>\n\t\t\t\t\t<\/div>\n\t\t<\/div>\n\t\t\t\t<div class=\"elementor-column elementor-col-50 elementor-top-column elementor-element elementor-element-ecda841\" data-id=\"ecda841\" data-element_type=\"column\">\n\t\t\t<div class=\"elementor-widget-wrap elementor-element-populated\">\n\t\t\t\t\t\t<div class=\"elementor-element elementor-element-492d973 elementor-widget elementor-widget-heading\" data-id=\"492d973\" data-element_type=\"widget\" data-widget_type=\"heading.default\">\n\t\t\t\t<div class=\"elementor-widget-container\">\n\t\t\t\t\t<h2 class=\"elementor-heading-title elementor-size-default\">Inscri\u00e7\u00e3o<\/h2>\t\t\t\t<\/div>\n\t\t\t\t<\/div>\n\t\t\t\t<div class=\"elementor-element elementor-element-399ad29 elementor-button-align-stretch elementor-widget elementor-widget-form\" data-id=\"399ad29\" data-element_type=\"widget\" id=\"inscricao_sorteio_2\" data-settings=\"{&quot;step_next_label&quot;:&quot;Seguinte&quot;,&quot;step_previous_label&quot;:&quot;Anterior&quot;,&quot;button_width&quot;:&quot;100&quot;,&quot;step_type&quot;:&quot;number_text&quot;,&quot;step_icon_shape&quot;:&quot;circle&quot;}\" data-widget_type=\"form.default\">\n\t\t\t\t<div class=\"elementor-widget-container\">\n\t\t\t\t\t\t\t<form class=\"elementor-form\" method=\"post\" id=\"inscricao_sorteio_2\" name=\"Inscri\u00e7\u00e3o Sorteio 2\" action=\"\">\n\t\t\t<input type=\"hidden\" name=\"post_id\" value=\"13912\"\/>\n\t\t\t<input type=\"hidden\" name=\"form_id\" value=\"399ad29\"\/>\n\t\t\t<input type=\"hidden\" name=\"referer_title\" value=\"Fertiprado\" \/>\n\n\t\t\t\n\t\t\t<div class=\"elementor-form-fields-wrapper elementor-labels-above\">\n\t\t\t\t\t\t\t\t<div class=\"elementor-field-type-text elementor-field-group elementor-column elementor-field-group-empresa elementor-col-100\">\n\t\t\t\t\t\t\t\t\t\t\t\t\t<input size=\"1\" type=\"text\" name=\"form_fields[empresa]\" id=\"form-field-empresa\" class=\"elementor-field elementor-size-sm  elementor-field-textual\" placeholder=\"O seu nome\">\n\t\t\t\t\t\t\t\t\t\t\t<\/div>\n\t\t\t\t\t\t\t\t<div class=\"elementor-field-type-email elementor-field-group elementor-column elementor-field-group-email elementor-col-100 elementor-field-required\">\n\t\t\t\t\t\t\t\t\t\t\t\t\t<input size=\"1\" type=\"email\" name=\"form_fields[email]\" id=\"form-field-email\" class=\"elementor-field elementor-size-sm  elementor-field-textual\" placeholder=\"Email\" required=\"required\">\n\t\t\t\t\t\t\t\t\t\t\t<\/div>\n\t\t\t\t\t\t\t\t<div class=\"elementor-field-type-tel elementor-field-group elementor-column elementor-field-group-Telefone elementor-col-100 elementor-field-required\">\n\t\t\t\t\t\t\t<input size=\"1\" type=\"tel\" name=\"form_fields[Telefone]\" id=\"form-field-Telefone\" class=\"elementor-field elementor-size-sm  elementor-field-textual\" placeholder=\"T\u00e9l\u00e9phone\" required=\"required\" pattern=\"[0-9()#&amp;+*-=.]+\" title=\"Seuls les caract\u00e8res de num\u00e9ros de t\u00e9l\u00e9phone (#, -, *, etc.) sont accept\u00e9s.\">\n\n\t\t\t\t\t\t<\/div>\n\t\t\t\t\t\t\t\t<div class=\"elementor-field-type-acceptance elementor-field-group elementor-column elementor-field-group-Validacao elementor-col-100 elementor-field-required\">\n\t\t\t\t\t\t\t<div class=\"elementor-field-subgroup\">\n\t\t\t<span class=\"elementor-field-option\">\n\t\t\t\t<input type=\"checkbox\" name=\"form_fields[Validacao]\" id=\"form-field-Validacao\" class=\"elementor-field elementor-size-sm  elementor-acceptance-field\" required=\"required\">\n\t\t\t\t<label for=\"form-field-Validacao\">J'accepte la politique de confidentialit\u00e9 du site et je consens \u00e0 l'utilisation de mes donn\u00e9es pour \u00eatre contact\u00e9 par Fertiprado.<\/label>\t\t\t<\/span>\n\t\t<\/div>\n\t\t\t\t\t\t<\/div>\n\t\t\t\t\t\t\t\t<div class=\"elementor-field-type-recaptcha_v3 elementor-field-group elementor-column elementor-field-group-field_e3be790 elementor-col-100 recaptcha_v3-bottomright\">\n\t\t\t\t\t<div class=\"elementor-field\" id=\"form-field-field_e3be790\"><div class=\"elementor-g-recaptcha\" data-sitekey=\"6LdecrIpAAAAAA77AfR23I8oUa3Fg3Msq3ju5XCe\" data-type=\"v3\" data-action=\"Form\" data-badge=\"bottomright\" data-size=\"invisible\"><\/div><\/div>\t\t\t\t<\/div>\n\t\t\t\t\t\t\t\t<div class=\"elementor-field-group elementor-column elementor-field-type-submit elementor-col-100 e-form__buttons\">\n\t\t\t\t\t<button class=\"elementor-button elementor-size-sm\" type=\"submit\">\n\t\t\t\t\t\t<span class=\"elementor-button-content-wrapper\">\n\t\t\t\t\t\t\t\t\t\t\t\t\t\t\t\t\t\t\t\t\t\t<span class=\"elementor-button-text\">Envoyer<\/span>\n\t\t\t\t\t\t\t\t\t\t\t\t\t<\/span>\n\t\t\t\t\t<\/button>\n\t\t\t\t<\/div>\n\t\t\t<\/div>\n\t\t<input type=\"hidden\" name=\"trp-form-language\" value=\"fr\"\/><\/form>\n\t\t\t\t\t\t<\/div>\n\t\t\t\t<\/div>\n\t\t\t\t<div class=\"elementor-element elementor-element-10cc427 elementor-widget elementor-widget-html\" data-id=\"10cc427\" data-element_type=\"widget\" data-widget_type=\"html.default\">\n\t\t\t\t<div class=\"elementor-widget-container\">\n\t\t\t\t\t<script>const showThisFieldIf = {\n  empresa: {\n    tipoentidade: [1],\n  },\n  nomeempresa: {\n    tipoentidade: [1],\n  },\n  individual: {\n    tipoentidade: [2],\n  },\n};\n\nfunction conditionalFormFieldFunc() {\n  function testLogic() {\n    for (const [conditionalInputID, condition] of Object.entries(showThisFieldIf)) {\n      const conditionalInput = setInputsElemArray(conditionalInputID);\n      let match = true;\n      for (const [conditionID, conditionValues] of Object.entries(condition)) {\n        const inputs = setInputsElemArray(conditionID);\n        const selectedInputs = [];\n        inputs.forEach((input, i) => {\n          if (input.checked) {\n            selectedInputs.push(i);\n          }\n        });\n        if (inputs[0].tagName === 'SELECT') {\n          selectedInputs.push(inputs[0].selectedIndex);\n        }\n        const adjustedConditionValues = conditionValues.map(e => e - 1);\n        if (!(adjustedConditionValues.every(condition => selectedInputs.indexOf(condition) > -1))) {\n          match = false;\n        }\n      }\n      if (match) {\n        conditionalInput.forEach(e => e.closest('.elementor-field-group').style.display = \"block\");\n      } else {\n        conditionalInput.forEach(e => e.closest('.elementor-field-group').style.display = \"none\");\n      }\n    }\n  }\n\n  function setInputsElemArray(ID) {\n    const selectors = `[name=\"form_fields[${ID}]\"]`;\n    let inputs = Array.from(document.querySelectorAll(selectors));\n    if (!inputs.length) {\n      inputs = Array.from(document.querySelectorAll(`[name=\"form_fields[${ID}][]\"]`));\n    }\n    return inputs;\n  }\n\n  testLogic();\n\n  \/* Add event listeners *\/\n  for (const [conditionalInputID, condition] of Object.entries(showThisFieldIf)) {\n    for (const [conditionID, conditionValues] of Object.entries(condition)) {\n      const inputs = setInputsElemArray(conditionID);\n      inputs.forEach(input => {\n        input.addEventListener('input', function () {\n          testLogic();\n        });\n      });\n    }\n  }\n}\n\ndocument.addEventListener('DOMContentLoaded', conditionalFormFieldFunc);\njQuery(document).on('elementor\/popup\/show', (event, id, instance) => {\n  conditionalFormFieldFunc();\n});\n\n\n<\/script>\t\t\t\t<\/div>\n\t\t\t\t<\/div>\n\t\t\t\t<div class=\"elementor-element elementor-element-46684cb elementor-widget elementor-widget-heading\" data-id=\"46684cb\" data-element_type=\"widget\" data-widget_type=\"heading.default\">\n\t\t\t\t<div class=\"elementor-widget-container\">\n\t\t\t\t\t<h2 class=\"elementor-heading-title elementor-size-default\">TEMAS \/ PROGRAMA<\/h2>\t\t\t\t<\/div>\n\t\t\t\t<\/div>\n\t\t\t\t<div class=\"elementor-element elementor-element-915b5c3 elementor-widget elementor-widget-text-editor\" data-id=\"915b5c3\" data-element_type=\"widget\" data-widget_type=\"text-editor.default\">\n\t\t\t\t<div class=\"elementor-widget-container\">\n\t\t\t\t\t\t\t\t\t<p>\u2022 OBJECTIVOS COMERCIAIS DA CERSUL<\/p><p>\u2022 RESULTADOS HERDADE DO RETIRO 2025<\/p><p>\u2022 CONTAS DE CULTURA \u2013 COMO POUPAR DINHEIRO SEM PERDER PRODU\u00c7\u00c3O<\/p><p>\u2022 SEMENTES + ADUBOS + MULTIPLICA\u00c7\u00d5ES + HERBICIDAS<\/p><p>\u2022 FERTIPRADO \u2013 COMO CALCULAR O VERDADEIRO VALOR DOS PRADOS PERMANENTES<\/p><p>\u2022 FERTIPRADO \u2013 CULTURAS DE COBERTURA, INTERCULTURAS, ADUBA\u00c7\u00d5ES VERDES:<br \/>COMO APLICAR E PRIONCIPAIS VANTAAGENS<\/p><p>\u2022 REGRAS PU 25-26 &#8211; RECORDAT\u00d3RIA<br \/><br \/>No Final ser\u00e1 servido um lanche com produtos regionais.<\/p>\t\t\t\t\t\t\t\t<\/div>\n\t\t\t\t<\/div>\n\t\t\t\t<div class=\"elementor-element elementor-element-431fb8e elementor-hidden-desktop elementor-hidden-laptop elementor-hidden-tablet elementor-hidden-mobile elementor-widget elementor-widget-button\" data-id=\"431fb8e\" data-element_type=\"widget\" data-widget_type=\"button.default\">\n\t\t\t\t<div class=\"elementor-widget-container\">\n\t\t\t\t\t\t\t\t\t<div class=\"elementor-button-wrapper\">\n\t\t\t\t\t<a class=\"elementor-button elementor-button-link elementor-size-sm\" href=\"https:\/\/fertiprado.pt\/wp-content\/uploads\/2025\/04\/normas-sorteiov2.pdf\" target=\"_blank\">\n\t\t\t\t\t\t<span class=\"elementor-button-content-wrapper\">\n\t\t\t\t\t\t<span class=\"elementor-button-icon\">\n\t\t\t\t<i aria-hidden=\"true\" class=\"fas fa-file-download\"><\/i>\t\t\t<\/span>\n\t\t\t\t\t\t\t\t\t<span class=\"elementor-button-text\">Normas do Sorteio<\/span>\n\t\t\t\t\t<\/span>\n\t\t\t\t\t<\/a>\n\t\t\t\t<\/div>\n\t\t\t\t\t\t\t\t<\/div>\n\t\t\t\t<\/div>\n\t\t\t\t\t<\/div>\n\t\t<\/div>\n\t\t\t\t\t<\/div>\n\t\t<\/section>\n\t\t\t\t<\/div>","protected":false},"excerpt":{"rendered":"<p>TEMAS \/ PROGRAMA \u2022 OBJECTIVOS COMERCIAIS DA CERSUL \u2022 RESULTADOS HERDADE DO RETIRO 2025 \u2022 CONTAS DE CULTURA \u2013 COMO POUPAR DINHEIRO SEM PERDER PRODU\u00c7\u00c3O \u2022 SEMENTES + ADUBOS + MULTIPLICA\u00c7\u00d5ES + HERBICIDAS \u2022 FERTIPRADO \u2013 COMO CALCULAR O VERDADEIRO VALOR DOS PRADOS PERMANENTES \u2022 FERTIPRADO \u2013 CULTURAS DE COBERTURA, INTERCULTURAS, ADUBA\u00c7\u00d5ES VERDES:COMO APLICAR E [&hellip;]<\/p>","protected":false},"author":1,"featured_media":14446,"parent":0,"menu_order":0,"comment_status":"closed","ping_status":"closed","template":"elementor_header_footer","meta":{"_acf_changed":false,"inline_featured_image":false,"footnotes":""},"categoria-de-pagina":[],"class_list":["post-13912","page","type-page","status-publish","has-post-thumbnail","hentry"],"acf":[],"yoast_head":"<!-- This site is optimized with the Yoast SEO plugin v24.7 - https:\/\/yoast.com\/wordpress\/plugins\/seo\/ -->\n<title>Inscri\u00e7\u00e3o - Fertiprado<\/title>\n<meta name=\"description\" content=\"Inscreva-se na reuni\u00e3o CERSUL \/ FERTIPRADO no pr\u00f3ximo dia 15 de Outubro pelas 17H00, em Santa Eul\u00e1lia, nas instala\u00e7\u00f5es CERSUL\" \/>\n<meta name=\"robots\" content=\"index, follow, max-snippet:-1, max-image-preview:large, max-video-preview:-1\" \/>\n<link rel=\"canonical\" href=\"https:\/\/fertiprado.pt\/fr\/inscricao\/\" \/>\n<meta property=\"og:locale\" content=\"fr_FR\" \/>\n<meta property=\"og:type\" content=\"article\" \/>\n<meta property=\"og:title\" content=\"Inscri\u00e7\u00e3o - Fertiprado\" \/>\n<meta property=\"og:description\" content=\"Inscreva-se na reuni\u00e3o CERSUL \/ FERTIPRADO no pr\u00f3ximo dia 15 de Outubro pelas 17H00, em Santa Eul\u00e1lia, nas instala\u00e7\u00f5es CERSUL\" \/>\n<meta property=\"og:url\" content=\"https:\/\/fertiprado.pt\/fr\/inscricao\/\" \/>\n<meta property=\"og:site_name\" content=\"Fertiprado\" \/>\n<meta property=\"article:publisher\" content=\"https:\/\/www.facebook.com\/fertiprado\/\" \/>\n<meta property=\"article:modified_time\" content=\"2025-10-09T10:08:46+00:00\" \/>\n<meta property=\"og:image\" content=\"https:\/\/fertiprado.pt\/wp-content\/uploads\/2025\/10\/layout-cersul2-site.png\" \/>\n\t<meta property=\"og:image:width\" content=\"1080\" \/>\n\t<meta property=\"og:image:height\" content=\"1080\" \/>\n\t<meta property=\"og:image:type\" content=\"image\/png\" \/>\n<meta name=\"twitter:card\" content=\"summary_large_image\" \/>\n<meta name=\"twitter:label1\" content=\"Dur\u00e9e de lecture estim\u00e9e\" \/>\n\t<meta name=\"twitter:data1\" content=\"1 minute\" \/>\n<script type=\"application\/ld+json\" class=\"yoast-schema-graph\">{\"@context\":\"https:\/\/schema.org\",\"@graph\":[{\"@type\":\"WebPage\",\"@id\":\"https:\/\/fertiprado.pt\/inscricao\/\",\"url\":\"https:\/\/fertiprado.pt\/inscricao\/\",\"name\":\"Inscri\u00e7\u00e3o - Fertiprado\",\"isPartOf\":{\"@id\":\"https:\/\/fertiprado.pt\/#website\"},\"primaryImageOfPage\":{\"@id\":\"https:\/\/fertiprado.pt\/inscricao\/#primaryimage\"},\"image\":{\"@id\":\"https:\/\/fertiprado.pt\/inscricao\/#primaryimage\"},\"thumbnailUrl\":\"https:\/\/fertiprado.pt\/wp-content\/uploads\/2025\/10\/layout-cersul2-site.png\",\"datePublished\":\"2025-02-19T18:49:19+00:00\",\"dateModified\":\"2025-10-09T10:08:46+00:00\",\"description\":\"Inscreva-se na reuni\u00e3o CERSUL \/ FERTIPRADO no pr\u00f3ximo dia 15 de Outubro pelas 17H00, em Santa Eul\u00e1lia, nas instala\u00e7\u00f5es CERSUL\",\"breadcrumb\":{\"@id\":\"https:\/\/fertiprado.pt\/inscricao\/#breadcrumb\"},\"inLanguage\":\"fr-FR\",\"potentialAction\":[{\"@type\":\"ReadAction\",\"target\":[\"https:\/\/fertiprado.pt\/inscricao\/\"]}]},{\"@type\":\"ImageObject\",\"inLanguage\":\"fr-FR\",\"@id\":\"https:\/\/fertiprado.pt\/inscricao\/#primaryimage\",\"url\":\"https:\/\/fertiprado.pt\/wp-content\/uploads\/2025\/10\/layout-cersul2-site.png\",\"contentUrl\":\"https:\/\/fertiprado.pt\/wp-content\/uploads\/2025\/10\/layout-cersul2-site.png\",\"width\":1080,\"height\":1080},{\"@type\":\"BreadcrumbList\",\"@id\":\"https:\/\/fertiprado.pt\/inscricao\/#breadcrumb\",\"itemListElement\":[{\"@type\":\"ListItem\",\"position\":1,\"name\":\"In\u00edcio\",\"item\":\"https:\/\/fertiprado.pt\/\"},{\"@type\":\"ListItem\",\"position\":2,\"name\":\"Inscri\u00e7\u00e3o\"}]},{\"@type\":\"WebSite\",\"@id\":\"https:\/\/fertiprado.pt\/#website\",\"url\":\"https:\/\/fertiprado.pt\/\",\"name\":\"Fertiprado\",\"description\":\"Pastagens e Forragens\",\"publisher\":{\"@id\":\"https:\/\/fertiprado.pt\/#organization\"},\"potentialAction\":[{\"@type\":\"SearchAction\",\"target\":{\"@type\":\"EntryPoint\",\"urlTemplate\":\"https:\/\/fertiprado.pt\/?s={search_term_string}\"},\"query-input\":{\"@type\":\"PropertyValueSpecification\",\"valueRequired\":true,\"valueName\":\"search_term_string\"}}],\"inLanguage\":\"fr-FR\"},{\"@type\":\"Organization\",\"@id\":\"https:\/\/fertiprado.pt\/#organization\",\"name\":\"Fertiprado\",\"url\":\"https:\/\/fertiprado.pt\/\",\"logo\":{\"@type\":\"ImageObject\",\"inLanguage\":\"fr-FR\",\"@id\":\"https:\/\/fertiprado.pt\/#\/schema\/logo\/image\/\",\"url\":\"https:\/\/fertiprado.pt\/wp-content\/uploads\/2024\/03\/logo_fertiprado_simple.svg\",\"contentUrl\":\"https:\/\/fertiprado.pt\/wp-content\/uploads\/2024\/03\/logo_fertiprado_simple.svg\",\"width\":283,\"height\":78,\"caption\":\"Fertiprado\"},\"image\":{\"@id\":\"https:\/\/fertiprado.pt\/#\/schema\/logo\/image\/\"},\"sameAs\":[\"https:\/\/www.facebook.com\/fertiprado\/\",\"https:\/\/www.instagram.com\/fertiprado\/\",\"https:\/\/pt.linkedin.com\/company\/fertiprado\"]}]}<\/script>\n<!-- \/ Yoast SEO plugin. -->","yoast_head_json":{"title":"Inscri\u00e7\u00e3o - Fertiprado","description":"Inscreva-se na reuni\u00e3o CERSUL \/ FERTIPRADO no pr\u00f3ximo dia 15 de Outubro pelas 17H00, em Santa Eul\u00e1lia, nas instala\u00e7\u00f5es CERSUL","robots":{"index":"index","follow":"follow","max-snippet":"max-snippet:-1","max-image-preview":"max-image-preview:large","max-video-preview":"max-video-preview:-1"},"canonical":"https:\/\/fertiprado.pt\/fr\/inscricao\/","og_locale":"fr_FR","og_type":"article","og_title":"Inscri\u00e7\u00e3o - Fertiprado","og_description":"Inscreva-se na reuni\u00e3o CERSUL \/ FERTIPRADO no pr\u00f3ximo dia 15 de Outubro pelas 17H00, em Santa Eul\u00e1lia, nas instala\u00e7\u00f5es CERSUL","og_url":"https:\/\/fertiprado.pt\/fr\/inscricao\/","og_site_name":"Fertiprado","article_publisher":"https:\/\/www.facebook.com\/fertiprado\/","article_modified_time":"2025-10-09T10:08:46+00:00","og_image":[{"width":1080,"height":1080,"url":"https:\/\/fertiprado.pt\/wp-content\/uploads\/2025\/10\/layout-cersul2-site.png","type":"image\/png"}],"twitter_card":"summary_large_image","twitter_misc":{"Dur\u00e9e de lecture estim\u00e9e":"1 minute"},"schema":{"@context":"https:\/\/schema.org","@graph":[{"@type":"WebPage","@id":"https:\/\/fertiprado.pt\/inscricao\/","url":"https:\/\/fertiprado.pt\/inscricao\/","name":"Inscri\u00e7\u00e3o - Fertiprado","isPartOf":{"@id":"https:\/\/fertiprado.pt\/#website"},"primaryImageOfPage":{"@id":"https:\/\/fertiprado.pt\/inscricao\/#primaryimage"},"image":{"@id":"https:\/\/fertiprado.pt\/inscricao\/#primaryimage"},"thumbnailUrl":"https:\/\/fertiprado.pt\/wp-content\/uploads\/2025\/10\/layout-cersul2-site.png","datePublished":"2025-02-19T18:49:19+00:00","dateModified":"2025-10-09T10:08:46+00:00","description":"Inscreva-se na reuni\u00e3o CERSUL \/ FERTIPRADO no pr\u00f3ximo dia 15 de Outubro pelas 17H00, em Santa Eul\u00e1lia, nas instala\u00e7\u00f5es CERSUL","breadcrumb":{"@id":"https:\/\/fertiprado.pt\/inscricao\/#breadcrumb"},"inLanguage":"fr-FR","potentialAction":[{"@type":"ReadAction","target":["https:\/\/fertiprado.pt\/inscricao\/"]}]},{"@type":"ImageObject","inLanguage":"fr-FR","@id":"https:\/\/fertiprado.pt\/inscricao\/#primaryimage","url":"https:\/\/fertiprado.pt\/wp-content\/uploads\/2025\/10\/layout-cersul2-site.png","contentUrl":"https:\/\/fertiprado.pt\/wp-content\/uploads\/2025\/10\/layout-cersul2-site.png","width":1080,"height":1080},{"@type":"BreadcrumbList","@id":"https:\/\/fertiprado.pt\/inscricao\/#breadcrumb","itemListElement":[{"@type":"ListItem","position":1,"name":"In\u00edcio","item":"https:\/\/fertiprado.pt\/"},{"@type":"ListItem","position":2,"name":"Inscri\u00e7\u00e3o"}]},{"@type":"WebSite","@id":"https:\/\/fertiprado.pt\/#website","url":"https:\/\/fertiprado.pt\/","name":"Fertiprado","description":"Pastagens e Forragens","publisher":{"@id":"https:\/\/fertiprado.pt\/#organization"},"potentialAction":[{"@type":"SearchAction","target":{"@type":"EntryPoint","urlTemplate":"https:\/\/fertiprado.pt\/?s={search_term_string}"},"query-input":{"@type":"PropertyValueSpecification","valueRequired":true,"valueName":"search_term_string"}}],"inLanguage":"fr-FR"},{"@type":"Organization","@id":"https:\/\/fertiprado.pt\/#organization","name":"Fertiprado","url":"https:\/\/fertiprado.pt\/","logo":{"@type":"ImageObject","inLanguage":"fr-FR","@id":"https:\/\/fertiprado.pt\/#\/schema\/logo\/image\/","url":"https:\/\/fertiprado.pt\/wp-content\/uploads\/2024\/03\/logo_fertiprado_simple.svg","contentUrl":"https:\/\/fertiprado.pt\/wp-content\/uploads\/2024\/03\/logo_fertiprado_simple.svg","width":283,"height":78,"caption":"Fertiprado"},"image":{"@id":"https:\/\/fertiprado.pt\/#\/schema\/logo\/image\/"},"sameAs":["https:\/\/www.facebook.com\/fertiprado\/","https:\/\/www.instagram.com\/fertiprado\/","https:\/\/pt.linkedin.com\/company\/fertiprado"]}]}},"_links":{"self":[{"href":"https:\/\/fertiprado.pt\/fr\/wp-json\/wp\/v2\/pages\/13912","targetHints":{"allow":["GET"]}}],"collection":[{"href":"https:\/\/fertiprado.pt\/fr\/wp-json\/wp\/v2\/pages"}],"about":[{"href":"https:\/\/fertiprado.pt\/fr\/wp-json\/wp\/v2\/types\/page"}],"author":[{"embeddable":true,"href":"https:\/\/fertiprado.pt\/fr\/wp-json\/wp\/v2\/users\/1"}],"replies":[{"embeddable":true,"href":"https:\/\/fertiprado.pt\/fr\/wp-json\/wp\/v2\/comments?post=13912"}],"version-history":[{"count":237,"href":"https:\/\/fertiprado.pt\/fr\/wp-json\/wp\/v2\/pages\/13912\/revisions"}],"predecessor-version":[{"id":14455,"href":"https:\/\/fertiprado.pt\/fr\/wp-json\/wp\/v2\/pages\/13912\/revisions\/14455"}],"wp:featuredmedia":[{"embeddable":true,"href":"https:\/\/fertiprado.pt\/fr\/wp-json\/wp\/v2\/media\/14446"}],"wp:attachment":[{"href":"https:\/\/fertiprado.pt\/fr\/wp-json\/wp\/v2\/media?parent=13912"}],"wp:term":[{"taxonomy":"categoria-de-pagina","embeddable":true,"href":"https:\/\/fertiprado.pt\/fr\/wp-json\/wp\/v2\/categoria-de-pagina?post=13912"}],"curies":[{"name":"wp","href":"https:\/\/api.w.org\/{rel}","templated":true}]}}