{"id":11423,"date":"2024-03-07T22:14:35","date_gmt":"2024-03-07T22:14:35","guid":{"rendered":"https:\/\/rafaelflores.pt\/?page_id=11423"},"modified":"2026-02-07T11:27:39","modified_gmt":"2026-02-07T11:27:39","slug":"resolucao-de-litigios","status":"publish","type":"page","link":"https:\/\/fertiprado.pt\/it\/risoluzione-delle-controversie\/","title":{"rendered":"Risoluzione delle controversie"},"content":{"rendered":"<div data-elementor-type=\"wp-page\" data-elementor-id=\"11423\" class=\"elementor elementor-11423\" data-elementor-post-type=\"page\">\n\t\t\t\t\t\t<section class=\"elementor-section elementor-top-section elementor-element elementor-element-5925a730 elementor-section-height-min-height elementor-section-full_width elementor-section-height-default elementor-section-items-middle\" data-id=\"5925a730\" data-element_type=\"section\" data-e-type=\"section\" data-settings=\"{&quot;background_background&quot;:&quot;classic&quot;,&quot;background_motion_fx_motion_fx_mouse&quot;:&quot;yes&quot;,&quot;background_motion_fx_motion_fx_scrolling&quot;:&quot;yes&quot;,&quot;background_motion_fx_scale_speed&quot;:{&quot;unit&quot;:&quot;px&quot;,&quot;size&quot;:10,&quot;sizes&quot;:[]},&quot;background_motion_fx_scale_effect&quot;:&quot;yes&quot;,&quot;background_motion_fx_scale_direction&quot;:&quot;out-in&quot;,&quot;background_motion_fx_scale_range&quot;:{&quot;unit&quot;:&quot;%&quot;,&quot;size&quot;:&quot;&quot;,&quot;sizes&quot;:{&quot;start&quot;:20,&quot;end&quot;:80}},&quot;background_motion_fx_devices&quot;:[&quot;desktop&quot;,&quot;laptop&quot;,&quot;tablet&quot;,&quot;mobile&quot;]}\">\n\t\t\t\t\t\t\t<div class=\"elementor-background-overlay\"><\/div>\n\t\t\t\t\t\t\t<div class=\"elementor-container elementor-column-gap-default\">\n\t\t\t\t\t<div class=\"elementor-column elementor-col-100 elementor-top-column elementor-element elementor-element-6b4549a8\" data-id=\"6b4549a8\" data-element_type=\"column\" data-e-type=\"column\">\n\t\t\t<div class=\"elementor-widget-wrap elementor-element-populated\">\n\t\t\t\t\t\t<section class=\"elementor-section elementor-inner-section elementor-element elementor-element-159bcc30 elementor-section-full_width elementor-section-height-default elementor-section-height-default\" data-id=\"159bcc30\" data-element_type=\"section\" data-e-type=\"section\">\n\t\t\t\t\t\t<div class=\"elementor-container elementor-column-gap-default\">\n\t\t\t\t\t<div class=\"elementor-column elementor-col-100 elementor-inner-column elementor-element elementor-element-67e5415f\" data-id=\"67e5415f\" data-element_type=\"column\" data-e-type=\"column\">\n\t\t\t<div class=\"elementor-widget-wrap elementor-element-populated\">\n\t\t\t\t\t\t<div class=\"elementor-element elementor-element-b6673a1 elementor-widget elementor-widget-theme-post-title elementor-page-title elementor-widget-heading\" data-id=\"b6673a1\" data-element_type=\"widget\" data-e-type=\"widget\" data-widget_type=\"theme-post-title.default\">\n\t\t\t\t<div class=\"elementor-widget-container\">\n\t\t\t\t\t<h1 class=\"elementor-heading-title elementor-size-default\">Risoluzione delle controversie<\/h1>\t\t\t\t<\/div>\n\t\t\t\t<\/div>\n\t\t\t\t\t<\/div>\n\t\t<\/div>\n\t\t\t\t\t<\/div>\n\t\t<\/section>\n\t\t\t\t\t<\/div>\n\t\t<\/div>\n\t\t\t\t\t<\/div>\n\t\t<\/section>\n\t\t<div class=\"elementor-element elementor-element-ac2d5a2 e-con-full e-flex e-con e-parent\" data-id=\"ac2d5a2\" data-element_type=\"container\" data-e-type=\"container\">\n\t\t\t\t<div class=\"elementor-element elementor-element-7aec70b elementor-widget elementor-widget-text-editor\" data-id=\"7aec70b\" data-element_type=\"widget\" data-e-type=\"widget\" data-widget_type=\"text-editor.default\">\n\t\t\t\t<div class=\"elementor-widget-container\">\n\t\t\t\t\t\t\t\t\t<p class=\"p1\"><span class=\"s1\">In caso di controversia, il consumatore pu\u00f2 rivolgersi a un organismo di risoluzione alternativa delle controversie:<\/span><\/p><p class=\"p1\"><span class=\"s1\"><strong>Centro nazionale per l'informazione e l'arbitrato sui conflitti dei consumatori (CNIACC)<\/strong> <a href=\"https:\/\/www.cniacc.pt\/pt\/\" target=\"_blank\" rel=\"noopener\"><span class=\"s2\">www.ciniacc.pt<\/span><\/a><\/span><\/p><p class=\"p1\"><span class=\"s1\">Tel: +351 213 847 484 (dalle 15.00 alle 16.00).<\/span><\/p><p class=\"p1\"><span class=\"s1\">Ulteriori informazioni sul portale dei consumatori <a href=\"https:\/\/www.consumidor.gov.pt\/\" target=\"_blank\" rel=\"noopener\"><span class=\"s2\">www.consumidor.gov.pt<\/span><\/a><\/span><\/p>\t\t\t\t\t\t\t\t<\/div>\n\t\t\t\t<\/div>\n\t\t\t\t<div class=\"elementor-element elementor-element-e7feed1 elementor-widget elementor-widget-image\" data-id=\"e7feed1\" data-element_type=\"widget\" data-e-type=\"widget\" data-widget_type=\"image.default\">\n\t\t\t\t<div class=\"elementor-widget-container\">\n\t\t\t\t\t\t\t\t\t\t\t\t\t\t\t<img fetchpriority=\"high\" decoding=\"async\" width=\"800\" height=\"69\" src=\"https:\/\/fertiprado.pt\/wp-content\/uploads\/2024\/03\/cniacc-1024x88.png\" class=\"attachment-large size-large wp-image-11514\" alt=\"\" srcset=\"https:\/\/fertiprado.pt\/wp-content\/uploads\/2024\/03\/cniacc-1024x88.png 1024w, https:\/\/fertiprado.pt\/wp-content\/uploads\/2024\/03\/cniacc-300x26.png 300w, https:\/\/fertiprado.pt\/wp-content\/uploads\/2024\/03\/cniacc-768x66.png 768w, https:\/\/fertiprado.pt\/wp-content\/uploads\/2024\/03\/cniacc-1536x131.png 1536w, https:\/\/fertiprado.pt\/wp-content\/uploads\/2024\/03\/cniacc.png 1940w\" sizes=\"(max-width: 800px) 100vw, 800px\" \/>\t\t\t\t\t\t\t\t\t\t\t\t\t\t\t<\/div>\n\t\t\t\t<\/div>\n\t\t\t\t<\/div>\n\t\t\t\t<\/div>","protected":false},"excerpt":{"rendered":"<p>Em caso de lit\u00edgio o consumidor pode recorrer a uma Entidade de Resolu\u00e7\u00e3o Alternativa de Lit\u00edgios de Consumo: Centro Nacional de Informa\u00e7\u00e3o e Arbitragem de Conflitos de Consumo (CNIACC) www.ciniacc.pt Tel.: +351 213 847 484 (das 15h \u00e0s 16h). Mais informa\u00e7\u00f5es no Portal do Consumidor www.consumidor.gov.pt<\/p>","protected":false},"author":1,"featured_media":4607,"parent":0,"menu_order":0,"comment_status":"closed","ping_status":"closed","template":"elementor_header_footer","meta":{"_acf_changed":false,"inline_featured_image":false,"footnotes":""},"categoria-de-pagina":[],"class_list":["post-11423","page","type-page","status-publish","has-post-thumbnail","hentry"],"acf":[],"yoast_head":"<!-- This site is optimized with the Yoast SEO plugin v24.7 - https:\/\/yoast.com\/wordpress\/plugins\/seo\/ -->\n<title>Resolu\u00e7\u00e3o de Lit\u00edgios na Fertiprado | Suporte ao Consumidor<\/title>\n<meta name=\"description\" content=\"Encontre solu\u00e7\u00f5es r\u00e1pidas para lit\u00edgios com a Fertiprado. Aceda a informa\u00e7\u00f5es sobre entidades de resolu\u00e7\u00e3o alternativa de lit\u00edgios de consumo.\" \/>\n<meta name=\"robots\" content=\"index, follow, max-snippet:-1, max-image-preview:large, max-video-preview:-1\" \/>\n<link rel=\"canonical\" href=\"https:\/\/fertiprado.pt\/it\/risoluzione-delle-controversie\/\" \/>\n<meta property=\"og:locale\" content=\"it_IT\" \/>\n<meta property=\"og:type\" content=\"article\" \/>\n<meta property=\"og:title\" content=\"Resolu\u00e7\u00e3o de Lit\u00edgios na Fertiprado | Suporte ao Consumidor\" \/>\n<meta property=\"og:description\" content=\"Encontre solu\u00e7\u00f5es r\u00e1pidas para lit\u00edgios com a Fertiprado. Aceda a informa\u00e7\u00f5es sobre entidades de resolu\u00e7\u00e3o alternativa de lit\u00edgios de consumo.\" \/>\n<meta property=\"og:url\" content=\"https:\/\/fertiprado.pt\/it\/risoluzione-delle-controversie\/\" \/>\n<meta property=\"og:site_name\" content=\"Fertiprado\" \/>\n<meta property=\"article:publisher\" content=\"https:\/\/www.facebook.com\/fertiprado\/\" \/>\n<meta property=\"article:modified_time\" content=\"2026-02-07T11:27:39+00:00\" \/>\n<meta property=\"og:image\" content=\"https:\/\/fertiprado.pt\/wp-content\/uploads\/2023\/10\/trevo_persia_2.jpg\" \/>\n\t<meta property=\"og:image:width\" content=\"2000\" \/>\n\t<meta property=\"og:image:height\" content=\"1333\" \/>\n\t<meta property=\"og:image:type\" content=\"image\/jpeg\" \/>\n<meta name=\"twitter:card\" content=\"summary_large_image\" \/>\n<meta name=\"twitter:label1\" content=\"Tempo di lettura stimato\" \/>\n\t<meta name=\"twitter:data1\" content=\"1 minuto\" \/>\n<script type=\"application\/ld+json\" class=\"yoast-schema-graph\">{\"@context\":\"https:\/\/schema.org\",\"@graph\":[{\"@type\":\"WebPage\",\"@id\":\"https:\/\/fertiprado.pt\/resolucao-de-litigios\/\",\"url\":\"https:\/\/fertiprado.pt\/resolucao-de-litigios\/\",\"name\":\"Resolu\u00e7\u00e3o de Lit\u00edgios na Fertiprado | Suporte ao Consumidor\",\"isPartOf\":{\"@id\":\"https:\/\/fertiprado.pt\/#website\"},\"primaryImageOfPage\":{\"@id\":\"https:\/\/fertiprado.pt\/resolucao-de-litigios\/#primaryimage\"},\"image\":{\"@id\":\"https:\/\/fertiprado.pt\/resolucao-de-litigios\/#primaryimage\"},\"thumbnailUrl\":\"https:\/\/fertiprado.pt\/wp-content\/uploads\/2023\/10\/trevo_persia_2.jpg\",\"datePublished\":\"2024-03-07T22:14:35+00:00\",\"dateModified\":\"2026-02-07T11:27:39+00:00\",\"description\":\"Encontre solu\u00e7\u00f5es r\u00e1pidas para lit\u00edgios com a Fertiprado. Aceda a informa\u00e7\u00f5es sobre entidades de resolu\u00e7\u00e3o alternativa de lit\u00edgios de consumo.\",\"breadcrumb\":{\"@id\":\"https:\/\/fertiprado.pt\/resolucao-de-litigios\/#breadcrumb\"},\"inLanguage\":\"it-IT\",\"potentialAction\":[{\"@type\":\"ReadAction\",\"target\":[\"https:\/\/fertiprado.pt\/resolucao-de-litigios\/\"]}]},{\"@type\":\"ImageObject\",\"inLanguage\":\"it-IT\",\"@id\":\"https:\/\/fertiprado.pt\/resolucao-de-litigios\/#primaryimage\",\"url\":\"https:\/\/fertiprado.pt\/wp-content\/uploads\/2023\/10\/trevo_persia_2.jpg\",\"contentUrl\":\"https:\/\/fertiprado.pt\/wp-content\/uploads\/2023\/10\/trevo_persia_2.jpg\",\"width\":2000,\"height\":1333},{\"@type\":\"BreadcrumbList\",\"@id\":\"https:\/\/fertiprado.pt\/resolucao-de-litigios\/#breadcrumb\",\"itemListElement\":[{\"@type\":\"ListItem\",\"position\":1,\"name\":\"In\u00edcio\",\"item\":\"https:\/\/fertiprado.pt\/\"},{\"@type\":\"ListItem\",\"position\":2,\"name\":\"Resolu\u00e7\u00e3o de Lit\u00edgios\"}]},{\"@type\":\"WebSite\",\"@id\":\"https:\/\/fertiprado.pt\/#website\",\"url\":\"https:\/\/fertiprado.pt\/\",\"name\":\"Fertiprado\",\"description\":\"Pastagens e Forragens\",\"publisher\":{\"@id\":\"https:\/\/fertiprado.pt\/#organization\"},\"potentialAction\":[{\"@type\":\"SearchAction\",\"target\":{\"@type\":\"EntryPoint\",\"urlTemplate\":\"https:\/\/fertiprado.pt\/?s={search_term_string}\"},\"query-input\":{\"@type\":\"PropertyValueSpecification\",\"valueRequired\":true,\"valueName\":\"search_term_string\"}}],\"inLanguage\":\"it-IT\"},{\"@type\":\"Organization\",\"@id\":\"https:\/\/fertiprado.pt\/#organization\",\"name\":\"Fertiprado\",\"url\":\"https:\/\/fertiprado.pt\/\",\"logo\":{\"@type\":\"ImageObject\",\"inLanguage\":\"it-IT\",\"@id\":\"https:\/\/fertiprado.pt\/#\/schema\/logo\/image\/\",\"url\":\"https:\/\/fertiprado.pt\/wp-content\/uploads\/2024\/03\/logo_fertiprado_simple.svg\",\"contentUrl\":\"https:\/\/fertiprado.pt\/wp-content\/uploads\/2024\/03\/logo_fertiprado_simple.svg\",\"width\":283,\"height\":78,\"caption\":\"Fertiprado\"},\"image\":{\"@id\":\"https:\/\/fertiprado.pt\/#\/schema\/logo\/image\/\"},\"sameAs\":[\"https:\/\/www.facebook.com\/fertiprado\/\",\"https:\/\/www.instagram.com\/fertiprado\/\",\"https:\/\/pt.linkedin.com\/company\/fertiprado\"]}]}<\/script>\n<!-- \/ Yoast SEO plugin. -->","yoast_head_json":{"title":"Resolu\u00e7\u00e3o de Lit\u00edgios na Fertiprado | Suporte ao Consumidor","description":"Encontre solu\u00e7\u00f5es r\u00e1pidas para lit\u00edgios com a Fertiprado. Aceda a informa\u00e7\u00f5es sobre entidades de resolu\u00e7\u00e3o alternativa de lit\u00edgios de consumo.","robots":{"index":"index","follow":"follow","max-snippet":"max-snippet:-1","max-image-preview":"max-image-preview:large","max-video-preview":"max-video-preview:-1"},"canonical":"https:\/\/fertiprado.pt\/it\/risoluzione-delle-controversie\/","og_locale":"it_IT","og_type":"article","og_title":"Resolu\u00e7\u00e3o de Lit\u00edgios na Fertiprado | Suporte ao Consumidor","og_description":"Encontre solu\u00e7\u00f5es r\u00e1pidas para lit\u00edgios com a Fertiprado. Aceda a informa\u00e7\u00f5es sobre entidades de resolu\u00e7\u00e3o alternativa de lit\u00edgios de consumo.","og_url":"https:\/\/fertiprado.pt\/it\/risoluzione-delle-controversie\/","og_site_name":"Fertiprado","article_publisher":"https:\/\/www.facebook.com\/fertiprado\/","article_modified_time":"2026-02-07T11:27:39+00:00","og_image":[{"width":2000,"height":1333,"url":"https:\/\/fertiprado.pt\/wp-content\/uploads\/2023\/10\/trevo_persia_2.jpg","type":"image\/jpeg"}],"twitter_card":"summary_large_image","twitter_misc":{"Tempo di lettura stimato":"1 minuto"},"schema":{"@context":"https:\/\/schema.org","@graph":[{"@type":"WebPage","@id":"https:\/\/fertiprado.pt\/resolucao-de-litigios\/","url":"https:\/\/fertiprado.pt\/resolucao-de-litigios\/","name":"Resolu\u00e7\u00e3o de Lit\u00edgios na Fertiprado | Suporte ao Consumidor","isPartOf":{"@id":"https:\/\/fertiprado.pt\/#website"},"primaryImageOfPage":{"@id":"https:\/\/fertiprado.pt\/resolucao-de-litigios\/#primaryimage"},"image":{"@id":"https:\/\/fertiprado.pt\/resolucao-de-litigios\/#primaryimage"},"thumbnailUrl":"https:\/\/fertiprado.pt\/wp-content\/uploads\/2023\/10\/trevo_persia_2.jpg","datePublished":"2024-03-07T22:14:35+00:00","dateModified":"2026-02-07T11:27:39+00:00","description":"Encontre solu\u00e7\u00f5es r\u00e1pidas para lit\u00edgios com a Fertiprado. Aceda a informa\u00e7\u00f5es sobre entidades de resolu\u00e7\u00e3o alternativa de lit\u00edgios de consumo.","breadcrumb":{"@id":"https:\/\/fertiprado.pt\/resolucao-de-litigios\/#breadcrumb"},"inLanguage":"it-IT","potentialAction":[{"@type":"ReadAction","target":["https:\/\/fertiprado.pt\/resolucao-de-litigios\/"]}]},{"@type":"ImageObject","inLanguage":"it-IT","@id":"https:\/\/fertiprado.pt\/resolucao-de-litigios\/#primaryimage","url":"https:\/\/fertiprado.pt\/wp-content\/uploads\/2023\/10\/trevo_persia_2.jpg","contentUrl":"https:\/\/fertiprado.pt\/wp-content\/uploads\/2023\/10\/trevo_persia_2.jpg","width":2000,"height":1333},{"@type":"BreadcrumbList","@id":"https:\/\/fertiprado.pt\/resolucao-de-litigios\/#breadcrumb","itemListElement":[{"@type":"ListItem","position":1,"name":"In\u00edcio","item":"https:\/\/fertiprado.pt\/"},{"@type":"ListItem","position":2,"name":"Resolu\u00e7\u00e3o de Lit\u00edgios"}]},{"@type":"WebSite","@id":"https:\/\/fertiprado.pt\/#website","url":"https:\/\/fertiprado.pt\/","name":"Fertiprado","description":"Pastagens e Forragens","publisher":{"@id":"https:\/\/fertiprado.pt\/#organization"},"potentialAction":[{"@type":"SearchAction","target":{"@type":"EntryPoint","urlTemplate":"https:\/\/fertiprado.pt\/?s={search_term_string}"},"query-input":{"@type":"PropertyValueSpecification","valueRequired":true,"valueName":"search_term_string"}}],"inLanguage":"it-IT"},{"@type":"Organization","@id":"https:\/\/fertiprado.pt\/#organization","name":"Fertiprado","url":"https:\/\/fertiprado.pt\/","logo":{"@type":"ImageObject","inLanguage":"it-IT","@id":"https:\/\/fertiprado.pt\/#\/schema\/logo\/image\/","url":"https:\/\/fertiprado.pt\/wp-content\/uploads\/2024\/03\/logo_fertiprado_simple.svg","contentUrl":"https:\/\/fertiprado.pt\/wp-content\/uploads\/2024\/03\/logo_fertiprado_simple.svg","width":283,"height":78,"caption":"Fertiprado"},"image":{"@id":"https:\/\/fertiprado.pt\/#\/schema\/logo\/image\/"},"sameAs":["https:\/\/www.facebook.com\/fertiprado\/","https:\/\/www.instagram.com\/fertiprado\/","https:\/\/pt.linkedin.com\/company\/fertiprado"]}]}},"_links":{"self":[{"href":"https:\/\/fertiprado.pt\/it\/wp-json\/wp\/v2\/pages\/11423","targetHints":{"allow":["GET"]}}],"collection":[{"href":"https:\/\/fertiprado.pt\/it\/wp-json\/wp\/v2\/pages"}],"about":[{"href":"https:\/\/fertiprado.pt\/it\/wp-json\/wp\/v2\/types\/page"}],"author":[{"embeddable":true,"href":"https:\/\/fertiprado.pt\/it\/wp-json\/wp\/v2\/users\/1"}],"replies":[{"embeddable":true,"href":"https:\/\/fertiprado.pt\/it\/wp-json\/wp\/v2\/comments?post=11423"}],"version-history":[{"count":19,"href":"https:\/\/fertiprado.pt\/it\/wp-json\/wp\/v2\/pages\/11423\/revisions"}],"predecessor-version":[{"id":14613,"href":"https:\/\/fertiprado.pt\/it\/wp-json\/wp\/v2\/pages\/11423\/revisions\/14613"}],"wp:featuredmedia":[{"embeddable":true,"href":"https:\/\/fertiprado.pt\/it\/wp-json\/wp\/v2\/media\/4607"}],"wp:attachment":[{"href":"https:\/\/fertiprado.pt\/it\/wp-json\/wp\/v2\/media?parent=11423"}],"wp:term":[{"taxonomy":"categoria-de-pagina","embeddable":true,"href":"https:\/\/fertiprado.pt\/it\/wp-json\/wp\/v2\/categoria-de-pagina?post=11423"}],"curies":[{"name":"wp","href":"https:\/\/api.w.org\/{rel}","templated":true}]}}