{"id":1217,"date":"2023-07-03T01:48:28","date_gmt":"2023-07-03T01:48:28","guid":{"rendered":"https:\/\/rafaelflores.pt\/?page_id=1217"},"modified":"2024-04-17T20:36:43","modified_gmt":"2024-04-17T20:36:43","slug":"sorgo-e-erva-do-sudao","status":"publish","type":"page","link":"https:\/\/fertiprado.pt\/it\/sorgo-e-erba-del-sudan\/","title":{"rendered":"Sorgo e Sorgo sudanese"},"content":{"rendered":"<div data-elementor-type=\"wp-page\" data-elementor-id=\"1217\" class=\"elementor elementor-1217\" data-elementor-post-type=\"page\">\n\t\t\t\t\t\t<section class=\"elementor-section elementor-top-section elementor-element elementor-element-7036569 elementor-section-height-min-height elementor-section-boxed elementor-section-height-default elementor-section-items-middle\" data-id=\"7036569\" data-element_type=\"section\" data-settings=\"{&quot;background_background&quot;:&quot;classic&quot;,&quot;background_motion_fx_motion_fx_mouse&quot;:&quot;yes&quot;,&quot;background_motion_fx_motion_fx_scrolling&quot;:&quot;yes&quot;,&quot;background_motion_fx_scale_speed&quot;:{&quot;unit&quot;:&quot;px&quot;,&quot;size&quot;:3,&quot;sizes&quot;:[]},&quot;background_motion_fx_scale_effect&quot;:&quot;yes&quot;,&quot;background_motion_fx_scale_direction&quot;:&quot;out-in&quot;,&quot;background_motion_fx_scale_range&quot;:{&quot;unit&quot;:&quot;%&quot;,&quot;size&quot;:&quot;&quot;,&quot;sizes&quot;:{&quot;start&quot;:20,&quot;end&quot;:80}},&quot;background_motion_fx_devices&quot;:[&quot;desktop&quot;,&quot;laptop&quot;,&quot;tablet&quot;,&quot;mobile&quot;]}\">\n\t\t\t\t\t\t\t<div class=\"elementor-background-overlay\"><\/div>\n\t\t\t\t\t\t\t<div class=\"elementor-container elementor-column-gap-default\">\n\t\t\t\t\t<div class=\"elementor-column elementor-col-100 elementor-top-column elementor-element elementor-element-58cf773\" data-id=\"58cf773\" data-element_type=\"column\">\n\t\t\t<div class=\"elementor-widget-wrap elementor-element-populated\">\n\t\t\t\t\t\t<section class=\"elementor-section elementor-inner-section elementor-element elementor-element-957a1b7 elementor-section-boxed elementor-section-height-default elementor-section-height-default\" data-id=\"957a1b7\" data-element_type=\"section\">\n\t\t\t\t\t\t<div class=\"elementor-container elementor-column-gap-default\">\n\t\t\t\t\t<div class=\"elementor-column elementor-col-100 elementor-inner-column elementor-element elementor-element-9860d6a\" data-id=\"9860d6a\" data-element_type=\"column\">\n\t\t\t<div class=\"elementor-widget-wrap elementor-element-populated\">\n\t\t\t\t\t\t<div class=\"elementor-element elementor-element-f06bfdf elementor-widget elementor-widget-theme-post-title elementor-page-title elementor-widget-heading\" data-id=\"f06bfdf\" data-element_type=\"widget\" data-widget_type=\"theme-post-title.default\">\n\t\t\t\t<div class=\"elementor-widget-container\">\n\t\t\t\t\t<h1 class=\"elementor-heading-title elementor-size-default\">Sorgo e Sorgo sudanese<\/h1>\t\t\t\t<\/div>\n\t\t\t\t<\/div>\n\t\t\t\t\t<\/div>\n\t\t<\/div>\n\t\t\t\t\t<\/div>\n\t\t<\/section>\n\t\t\t\t<div class=\"elementor-element elementor-element-5409107 elementor-widget elementor-widget-heading\" data-id=\"5409107\" data-element_type=\"widget\" data-widget_type=\"heading.default\">\n\t\t\t\t<div class=\"elementor-widget-container\">\n\t\t\t\t\t<h4 class=\"elementor-heading-title elementor-size-default\"><span>Semi puri<\/span><\/h4>\t\t\t\t<\/div>\n\t\t\t\t<\/div>\n\t\t\t\t\t<\/div>\n\t\t<\/div>\n\t\t\t\t\t<\/div>\n\t\t<\/section>\n\t\t\t\t<section class=\"elementor-section elementor-top-section elementor-element elementor-element-f7c5fb4 elementor-section-boxed elementor-section-height-default elementor-section-height-default elementor-invisible\" data-id=\"f7c5fb4\" data-element_type=\"section\" data-settings=\"{&quot;animation&quot;:&quot;fadeInUp&quot;}\">\n\t\t\t\t\t\t<div class=\"elementor-container elementor-column-gap-default\">\n\t\t\t\t\t<div class=\"elementor-column elementor-col-100 elementor-top-column elementor-element elementor-element-8b8ea1e\" data-id=\"8b8ea1e\" data-element_type=\"column\">\n\t\t\t<div class=\"elementor-widget-wrap elementor-element-populated\">\n\t\t\t\t<div class=\"elementor-element elementor-element-a0cd8e1 e-flex e-con-boxed e-con e-parent\" data-id=\"a0cd8e1\" data-element_type=\"container\" data-settings=\"{&quot;background_background&quot;:&quot;classic&quot;}\">\n\t\t\t\t\t<div class=\"e-con-inner\">\n\t\t\t\t<div class=\"elementor-element elementor-element-08ccfa4 elementor-widget elementor-widget-heading\" data-id=\"08ccfa4\" data-element_type=\"widget\" data-widget_type=\"heading.default\">\n\t\t\t\t<div class=\"elementor-widget-container\">\n\t\t\t\t\t<h2 class=\"elementor-heading-title elementor-size-default\">Sorgo Hbrido (multisfalcio)<\/h2>\t\t\t\t<\/div>\n\t\t\t\t<\/div>\n\t\t\t\t\t<\/div>\n\t\t\t\t<\/div>\n\t\t\t\t<div class=\"elementor-element elementor-element-9c5abd6 elementor-posts--align-left elementor-grid-5 elementor-grid-tablet-3 elementor-grid-mobile-2 elementor-posts--thumbnail-none elementor-widget elementor-widget-posts\" data-id=\"9c5abd6\" data-element_type=\"widget\" data-settings=\"{&quot;classic_row_gap&quot;:{&quot;unit&quot;:&quot;px&quot;,&quot;size&quot;:40,&quot;sizes&quot;:[]},&quot;classic_columns&quot;:&quot;5&quot;,&quot;classic_columns_tablet&quot;:&quot;3&quot;,&quot;classic_columns_mobile&quot;:&quot;2&quot;,&quot;classic_row_gap_laptop&quot;:{&quot;unit&quot;:&quot;px&quot;,&quot;size&quot;:&quot;&quot;,&quot;sizes&quot;:[]},&quot;classic_row_gap_tablet&quot;:{&quot;unit&quot;:&quot;px&quot;,&quot;size&quot;:&quot;&quot;,&quot;sizes&quot;:[]},&quot;classic_row_gap_mobile&quot;:{&quot;unit&quot;:&quot;px&quot;,&quot;size&quot;:&quot;&quot;,&quot;sizes&quot;:[]}}\" data-widget_type=\"posts.classic\">\n\t\t\t\t<div class=\"elementor-widget-container\">\n\t\t\t\t\t\t\t<div class=\"elementor-posts-container elementor-posts elementor-posts--skin-classic elementor-grid\">\n\t\t\t\t<article class=\"elementor-post elementor-grid-item post-1226 semente-pura type-semente-pura status-publish has-post-thumbnail hentry categoria-sementes-sorghum-bicolor-x-sorghum-sudanense categoria-sementes-sorgo-hibrido-corte-multiplo categoria-sementes-sorgo-hibrido-erva-sudao\">\n\t\t\t\t<div class=\"elementor-post__text\">\n\t\t\t\t<h3 class=\"elementor-post__title\">\n\t\t\t<a href=\"https:\/\/fertiprado.pt\/it\/seme-puro\/pascolatore-avanzato\/\" >\n\t\t\t\tAdvance Grazer\t\t\t<\/a>\n\t\t<\/h3>\n\t\t\t\t<\/div>\n\t\t\t\t<\/article>\n\t\t\t\t<article class=\"elementor-post elementor-grid-item post-1227 semente-pura type-semente-pura status-publish has-post-thumbnail hentry categoria-sementes-sorghum-bicolor-x-sorghum-sudanense categoria-sementes-sorgo-hibrido-corte-multiplo categoria-sementes-sorgo-hibrido-erva-sudao\">\n\t\t\t\t<div class=\"elementor-post__text\">\n\t\t\t\t<h3 class=\"elementor-post__title\">\n\t\t\t<a href=\"https:\/\/fertiprado.pt\/it\/seme-puro\/mataco\/\" >\n\t\t\t\tMataco\t\t\t<\/a>\n\t\t<\/h3>\n\t\t\t\t<\/div>\n\t\t\t\t<\/article>\n\t\t\t\t<\/div>\n\t\t\n\t\t\t\t\t\t<\/div>\n\t\t\t\t<\/div>\n\t\t\t\t\t<\/div>\n\t\t<\/div>\n\t\t\t\t\t<\/div>\n\t\t<\/section>\n\t\t\t\t<section class=\"elementor-section elementor-top-section elementor-element elementor-element-0c252bc elementor-section-boxed elementor-section-height-default elementor-section-height-default elementor-invisible\" data-id=\"0c252bc\" data-element_type=\"section\" data-settings=\"{&quot;animation&quot;:&quot;fadeInUp&quot;}\">\n\t\t\t\t\t\t<div class=\"elementor-container elementor-column-gap-default\">\n\t\t\t\t\t<div class=\"elementor-column elementor-col-100 elementor-top-column elementor-element elementor-element-64b6d79\" data-id=\"64b6d79\" data-element_type=\"column\">\n\t\t\t<div class=\"elementor-widget-wrap elementor-element-populated\">\n\t\t\t\t<div class=\"elementor-element elementor-element-344f487 e-flex e-con-boxed e-con e-parent\" data-id=\"344f487\" data-element_type=\"container\" data-settings=\"{&quot;background_background&quot;:&quot;classic&quot;}\">\n\t\t\t\t\t<div class=\"e-con-inner\">\n\t\t\t\t<div class=\"elementor-element elementor-element-fcef919 elementor-widget elementor-widget-heading\" data-id=\"fcef919\" data-element_type=\"widget\" data-widget_type=\"heading.default\">\n\t\t\t\t<div class=\"elementor-widget-container\">\n\t\t\t\t\t<h2 class=\"elementor-heading-title elementor-size-default\">Sorgo sudanese<\/h2>\t\t\t\t<\/div>\n\t\t\t\t<\/div>\n\t\t\t\t\t<\/div>\n\t\t\t\t<\/div>\n\t\t\t\t<div class=\"elementor-element elementor-element-1b2806e elementor-posts--align-left elementor-grid-5 elementor-grid-tablet-3 elementor-grid-mobile-2 elementor-posts--thumbnail-none elementor-widget elementor-widget-posts\" data-id=\"1b2806e\" data-element_type=\"widget\" data-settings=\"{&quot;classic_row_gap&quot;:{&quot;unit&quot;:&quot;px&quot;,&quot;size&quot;:40,&quot;sizes&quot;:[]},&quot;classic_columns&quot;:&quot;5&quot;,&quot;classic_columns_tablet&quot;:&quot;3&quot;,&quot;classic_columns_mobile&quot;:&quot;2&quot;,&quot;classic_row_gap_laptop&quot;:{&quot;unit&quot;:&quot;px&quot;,&quot;size&quot;:&quot;&quot;,&quot;sizes&quot;:[]},&quot;classic_row_gap_tablet&quot;:{&quot;unit&quot;:&quot;px&quot;,&quot;size&quot;:&quot;&quot;,&quot;sizes&quot;:[]},&quot;classic_row_gap_mobile&quot;:{&quot;unit&quot;:&quot;px&quot;,&quot;size&quot;:&quot;&quot;,&quot;sizes&quot;:[]}}\" data-widget_type=\"posts.classic\">\n\t\t\t\t<div class=\"elementor-widget-container\">\n\t\t\t\t\t\t\t<div class=\"elementor-posts-container elementor-posts elementor-posts--skin-classic elementor-grid\">\n\t\t\t\t<article class=\"elementor-post elementor-grid-item post-12329 semente-pura type-semente-pura status-publish hentry categoria-sementes-erva-do-sudao categoria-sementes-sorgo-hibrido-erva-sudao\">\n\t\t\t\t<div class=\"elementor-post__text\">\n\t\t\t\t<h3 class=\"elementor-post__title\">\n\t\t\t<a href=\"https:\/\/fertiprado.pt\/it\/seme-puro\/bella\/\" >\n\t\t\t\tBelle\t\t\t<\/a>\n\t\t<\/h3>\n\t\t\t\t<\/div>\n\t\t\t\t<\/article>\n\t\t\t\t<article class=\"elementor-post elementor-grid-item post-1228 semente-pura type-semente-pura status-publish has-post-thumbnail hentry categoria-sementes-erva-do-sudao categoria-sementes-sorghum-sudanense categoria-sementes-sorgo-hibrido-erva-sudao\">\n\t\t\t\t<div class=\"elementor-post__text\">\n\t\t\t\t<h3 class=\"elementor-post__title\">\n\t\t\t<a href=\"https:\/\/fertiprado.pt\/it\/seme-puro\/pifferaio\/\" >\n\t\t\t\tPiper\t\t\t<\/a>\n\t\t<\/h3>\n\t\t\t\t<\/div>\n\t\t\t\t<\/article>\n\t\t\t\t<\/div>\n\t\t\n\t\t\t\t\t\t<\/div>\n\t\t\t\t<\/div>\n\t\t\t\t\t<\/div>\n\t\t<\/div>\n\t\t\t\t\t<\/div>\n\t\t<\/section>\n\t\t\t\t<section class=\"elementor-section elementor-top-section elementor-element elementor-element-191e849 elementor-section-boxed elementor-section-height-default elementor-section-height-default elementor-invisible\" data-id=\"191e849\" data-element_type=\"section\" data-settings=\"{&quot;animation&quot;:&quot;fadeInUp&quot;}\">\n\t\t\t\t\t\t<div class=\"elementor-container elementor-column-gap-default\">\n\t\t\t\t\t<div class=\"elementor-column elementor-col-100 elementor-top-column elementor-element elementor-element-aa165f6\" data-id=\"aa165f6\" data-element_type=\"column\">\n\t\t\t<div class=\"elementor-widget-wrap elementor-element-populated\">\n\t\t\t\t<div class=\"elementor-element elementor-element-968180a e-flex e-con-boxed e-con e-parent\" data-id=\"968180a\" data-element_type=\"container\" data-settings=\"{&quot;background_background&quot;:&quot;classic&quot;}\">\n\t\t\t\t\t<div class=\"e-con-inner\">\n\t\t\t\t<div class=\"elementor-element elementor-element-482f8dc elementor-widget elementor-widget-heading\" data-id=\"482f8dc\" data-element_type=\"widget\" data-widget_type=\"heading.default\">\n\t\t\t\t<div class=\"elementor-widget-container\">\n\t\t\t\t\t<h2 class=\"elementor-heading-title elementor-size-default\">Sorgo Ibrido (BMR a taglio singolo)<\/h2>\t\t\t\t<\/div>\n\t\t\t\t<\/div>\n\t\t\t\t\t<\/div>\n\t\t\t\t<\/div>\n\t\t\t\t<div class=\"elementor-element elementor-element-9c66bce elementor-posts--align-left elementor-grid-5 elementor-grid-tablet-3 elementor-grid-mobile-2 elementor-posts--thumbnail-none elementor-widget elementor-widget-posts\" data-id=\"9c66bce\" data-element_type=\"widget\" data-settings=\"{&quot;classic_row_gap&quot;:{&quot;unit&quot;:&quot;px&quot;,&quot;size&quot;:40,&quot;sizes&quot;:[]},&quot;classic_columns&quot;:&quot;5&quot;,&quot;classic_columns_tablet&quot;:&quot;3&quot;,&quot;classic_columns_mobile&quot;:&quot;2&quot;,&quot;classic_row_gap_laptop&quot;:{&quot;unit&quot;:&quot;px&quot;,&quot;size&quot;:&quot;&quot;,&quot;sizes&quot;:[]},&quot;classic_row_gap_tablet&quot;:{&quot;unit&quot;:&quot;px&quot;,&quot;size&quot;:&quot;&quot;,&quot;sizes&quot;:[]},&quot;classic_row_gap_mobile&quot;:{&quot;unit&quot;:&quot;px&quot;,&quot;size&quot;:&quot;&quot;,&quot;sizes&quot;:[]}}\" data-widget_type=\"posts.classic\">\n\t\t\t\t<div class=\"elementor-widget-container\">\n\t\t\t\t\t\t\t<div class=\"elementor-posts-container elementor-posts elementor-posts--skin-classic elementor-grid\">\n\t\t\t\t<article class=\"elementor-post elementor-grid-item post-1230 semente-pura type-semente-pura status-publish has-post-thumbnail hentry categoria-sementes-sorghum-bicolor-x-sorghum-bicolor categoria-sementes-sorgo-hibrido-corte-unico-bmr categoria-sementes-sorgo-hibrido-erva-sudao\">\n\t\t\t\t<div class=\"elementor-post__text\">\n\t\t\t\t<h3 class=\"elementor-post__title\">\n\t\t\t<a href=\"https:\/\/fertiprado.pt\/it\/seme-puro\/big-kahuna-69\/\" >\n\t\t\t\tBig Kahuna\t\t\t<\/a>\n\t\t<\/h3>\n\t\t\t\t<\/div>\n\t\t\t\t<\/article>\n\t\t\t\t<\/div>\n\t\t\n\t\t\t\t\t\t<\/div>\n\t\t\t\t<\/div>\n\t\t\t\t\t<\/div>\n\t\t<\/div>\n\t\t\t\t\t<\/div>\n\t\t<\/section>\n\t\t\t\t<\/div>","protected":false},"excerpt":{"rendered":"","protected":false},"author":1,"featured_media":611,"parent":0,"menu_order":0,"comment_status":"closed","ping_status":"closed","template":"elementor_header_footer","meta":{"_acf_changed":false,"inline_featured_image":false,"footnotes":""},"categoria-de-pagina":[100],"class_list":["post-1217","page","type-page","status-publish","has-post-thumbnail","hentry","categoria-de-pagina-sementes-puras"],"acf":[],"yoast_head":"<!-- This site is optimized with the Yoast SEO plugin v24.7 - https:\/\/yoast.com\/wordpress\/plugins\/seo\/ -->\n<title>Sorgo e Erva do Sud\u00e3o | Fertiprado - Solu\u00e7\u00f5es Resilientes para Forragem<\/title>\n<meta name=\"description\" content=\"Conhe\u00e7a as nossas variedades de sorgo e erva do Sud\u00e3o, ideais para forragem de alta qualidade. Resistentes e adapt\u00e1veis a diferentes condi\u00e7\u00f5es clim\u00e1ticas.\" \/>\n<meta name=\"robots\" content=\"index, follow, max-snippet:-1, max-image-preview:large, max-video-preview:-1\" \/>\n<link rel=\"canonical\" href=\"https:\/\/fertiprado.pt\/it\/sorgo-e-erba-del-sudan\/\" \/>\n<meta property=\"og:locale\" content=\"it_IT\" \/>\n<meta property=\"og:type\" content=\"article\" \/>\n<meta property=\"og:title\" content=\"Sorgo e Erva do Sud\u00e3o | Fertiprado - Solu\u00e7\u00f5es Resilientes para Forragem\" \/>\n<meta property=\"og:description\" content=\"Conhe\u00e7a as nossas variedades de sorgo e erva do Sud\u00e3o, ideais para forragem de alta qualidade. Resistentes e adapt\u00e1veis a diferentes condi\u00e7\u00f5es clim\u00e1ticas.\" \/>\n<meta property=\"og:url\" content=\"https:\/\/fertiprado.pt\/it\/sorgo-e-erba-del-sudan\/\" \/>\n<meta property=\"og:site_name\" content=\"Fertiprado\" \/>\n<meta property=\"article:publisher\" content=\"https:\/\/www.facebook.com\/fertiprado\/\" \/>\n<meta property=\"article:modified_time\" content=\"2024-04-17T20:36:43+00:00\" \/>\n<meta property=\"og:image\" content=\"https:\/\/fertiprado.pt\/wp-content\/uploads\/2023\/07\/P1567526-scaled.jpg\" \/>\n\t<meta property=\"og:image:width\" content=\"2560\" \/>\n\t<meta property=\"og:image:height\" content=\"1438\" \/>\n\t<meta property=\"og:image:type\" content=\"image\/jpeg\" \/>\n<meta name=\"twitter:card\" content=\"summary_large_image\" \/>\n<meta name=\"twitter:label1\" content=\"Tempo di lettura stimato\" \/>\n\t<meta name=\"twitter:data1\" content=\"1 minuto\" \/>\n<script type=\"application\/ld+json\" class=\"yoast-schema-graph\">{\"@context\":\"https:\/\/schema.org\",\"@graph\":[{\"@type\":\"WebPage\",\"@id\":\"https:\/\/fertiprado.pt\/sorgo-e-erva-do-sudao\/\",\"url\":\"https:\/\/fertiprado.pt\/sorgo-e-erva-do-sudao\/\",\"name\":\"Sorgo e Erva do Sud\u00e3o | Fertiprado - Solu\u00e7\u00f5es Resilientes para Forragem\",\"isPartOf\":{\"@id\":\"https:\/\/fertiprado.pt\/#website\"},\"primaryImageOfPage\":{\"@id\":\"https:\/\/fertiprado.pt\/sorgo-e-erva-do-sudao\/#primaryimage\"},\"image\":{\"@id\":\"https:\/\/fertiprado.pt\/sorgo-e-erva-do-sudao\/#primaryimage\"},\"thumbnailUrl\":\"https:\/\/fertiprado.pt\/wp-content\/uploads\/2023\/07\/P1567526-scaled.jpg\",\"datePublished\":\"2023-07-03T01:48:28+00:00\",\"dateModified\":\"2024-04-17T20:36:43+00:00\",\"description\":\"Conhe\u00e7a as nossas variedades de sorgo e erva do Sud\u00e3o, ideais para forragem de alta qualidade. Resistentes e adapt\u00e1veis a diferentes condi\u00e7\u00f5es clim\u00e1ticas.\",\"breadcrumb\":{\"@id\":\"https:\/\/fertiprado.pt\/sorgo-e-erva-do-sudao\/#breadcrumb\"},\"inLanguage\":\"it-IT\",\"potentialAction\":[{\"@type\":\"ReadAction\",\"target\":[\"https:\/\/fertiprado.pt\/sorgo-e-erva-do-sudao\/\"]}]},{\"@type\":\"ImageObject\",\"inLanguage\":\"it-IT\",\"@id\":\"https:\/\/fertiprado.pt\/sorgo-e-erva-do-sudao\/#primaryimage\",\"url\":\"https:\/\/fertiprado.pt\/wp-content\/uploads\/2023\/07\/P1567526-scaled.jpg\",\"contentUrl\":\"https:\/\/fertiprado.pt\/wp-content\/uploads\/2023\/07\/P1567526-scaled.jpg\",\"width\":2560,\"height\":1438,\"caption\":\"speedmix\"},{\"@type\":\"BreadcrumbList\",\"@id\":\"https:\/\/fertiprado.pt\/sorgo-e-erva-do-sudao\/#breadcrumb\",\"itemListElement\":[{\"@type\":\"ListItem\",\"position\":1,\"name\":\"In\u00edcio\",\"item\":\"https:\/\/fertiprado.pt\/\"},{\"@type\":\"ListItem\",\"position\":2,\"name\":\"Sorgo e Erva do Sud\u00e3o\"}]},{\"@type\":\"WebSite\",\"@id\":\"https:\/\/fertiprado.pt\/#website\",\"url\":\"https:\/\/fertiprado.pt\/\",\"name\":\"Fertiprado\",\"description\":\"Pastagens e Forragens\",\"publisher\":{\"@id\":\"https:\/\/fertiprado.pt\/#organization\"},\"potentialAction\":[{\"@type\":\"SearchAction\",\"target\":{\"@type\":\"EntryPoint\",\"urlTemplate\":\"https:\/\/fertiprado.pt\/?s={search_term_string}\"},\"query-input\":{\"@type\":\"PropertyValueSpecification\",\"valueRequired\":true,\"valueName\":\"search_term_string\"}}],\"inLanguage\":\"it-IT\"},{\"@type\":\"Organization\",\"@id\":\"https:\/\/fertiprado.pt\/#organization\",\"name\":\"Fertiprado\",\"url\":\"https:\/\/fertiprado.pt\/\",\"logo\":{\"@type\":\"ImageObject\",\"inLanguage\":\"it-IT\",\"@id\":\"https:\/\/fertiprado.pt\/#\/schema\/logo\/image\/\",\"url\":\"https:\/\/fertiprado.pt\/wp-content\/uploads\/2024\/03\/logo_fertiprado_simple.svg\",\"contentUrl\":\"https:\/\/fertiprado.pt\/wp-content\/uploads\/2024\/03\/logo_fertiprado_simple.svg\",\"width\":283,\"height\":78,\"caption\":\"Fertiprado\"},\"image\":{\"@id\":\"https:\/\/fertiprado.pt\/#\/schema\/logo\/image\/\"},\"sameAs\":[\"https:\/\/www.facebook.com\/fertiprado\/\",\"https:\/\/www.instagram.com\/fertiprado\/\",\"https:\/\/pt.linkedin.com\/company\/fertiprado\"]}]}<\/script>\n<!-- \/ Yoast SEO plugin. -->","yoast_head_json":{"title":"Sorgo e Erva do Sud\u00e3o | Fertiprado - Solu\u00e7\u00f5es Resilientes para Forragem","description":"Conhe\u00e7a as nossas variedades de sorgo e erva do Sud\u00e3o, ideais para forragem de alta qualidade. Resistentes e adapt\u00e1veis a diferentes condi\u00e7\u00f5es clim\u00e1ticas.","robots":{"index":"index","follow":"follow","max-snippet":"max-snippet:-1","max-image-preview":"max-image-preview:large","max-video-preview":"max-video-preview:-1"},"canonical":"https:\/\/fertiprado.pt\/it\/sorgo-e-erba-del-sudan\/","og_locale":"it_IT","og_type":"article","og_title":"Sorgo e Erva do Sud\u00e3o | Fertiprado - Solu\u00e7\u00f5es Resilientes para Forragem","og_description":"Conhe\u00e7a as nossas variedades de sorgo e erva do Sud\u00e3o, ideais para forragem de alta qualidade. Resistentes e adapt\u00e1veis a diferentes condi\u00e7\u00f5es clim\u00e1ticas.","og_url":"https:\/\/fertiprado.pt\/it\/sorgo-e-erba-del-sudan\/","og_site_name":"Fertiprado","article_publisher":"https:\/\/www.facebook.com\/fertiprado\/","article_modified_time":"2024-04-17T20:36:43+00:00","og_image":[{"width":2560,"height":1438,"url":"https:\/\/fertiprado.pt\/wp-content\/uploads\/2023\/07\/P1567526-scaled.jpg","type":"image\/jpeg"}],"twitter_card":"summary_large_image","twitter_misc":{"Tempo di lettura stimato":"1 minuto"},"schema":{"@context":"https:\/\/schema.org","@graph":[{"@type":"WebPage","@id":"https:\/\/fertiprado.pt\/sorgo-e-erva-do-sudao\/","url":"https:\/\/fertiprado.pt\/sorgo-e-erva-do-sudao\/","name":"Sorgo e Erva do Sud\u00e3o | Fertiprado - Solu\u00e7\u00f5es Resilientes para Forragem","isPartOf":{"@id":"https:\/\/fertiprado.pt\/#website"},"primaryImageOfPage":{"@id":"https:\/\/fertiprado.pt\/sorgo-e-erva-do-sudao\/#primaryimage"},"image":{"@id":"https:\/\/fertiprado.pt\/sorgo-e-erva-do-sudao\/#primaryimage"},"thumbnailUrl":"https:\/\/fertiprado.pt\/wp-content\/uploads\/2023\/07\/P1567526-scaled.jpg","datePublished":"2023-07-03T01:48:28+00:00","dateModified":"2024-04-17T20:36:43+00:00","description":"Conhe\u00e7a as nossas variedades de sorgo e erva do Sud\u00e3o, ideais para forragem de alta qualidade. Resistentes e adapt\u00e1veis a diferentes condi\u00e7\u00f5es clim\u00e1ticas.","breadcrumb":{"@id":"https:\/\/fertiprado.pt\/sorgo-e-erva-do-sudao\/#breadcrumb"},"inLanguage":"it-IT","potentialAction":[{"@type":"ReadAction","target":["https:\/\/fertiprado.pt\/sorgo-e-erva-do-sudao\/"]}]},{"@type":"ImageObject","inLanguage":"it-IT","@id":"https:\/\/fertiprado.pt\/sorgo-e-erva-do-sudao\/#primaryimage","url":"https:\/\/fertiprado.pt\/wp-content\/uploads\/2023\/07\/P1567526-scaled.jpg","contentUrl":"https:\/\/fertiprado.pt\/wp-content\/uploads\/2023\/07\/P1567526-scaled.jpg","width":2560,"height":1438,"caption":"speedmix"},{"@type":"BreadcrumbList","@id":"https:\/\/fertiprado.pt\/sorgo-e-erva-do-sudao\/#breadcrumb","itemListElement":[{"@type":"ListItem","position":1,"name":"In\u00edcio","item":"https:\/\/fertiprado.pt\/"},{"@type":"ListItem","position":2,"name":"Sorgo e Erva do Sud\u00e3o"}]},{"@type":"WebSite","@id":"https:\/\/fertiprado.pt\/#website","url":"https:\/\/fertiprado.pt\/","name":"Fertiprado","description":"Pastagens e Forragens","publisher":{"@id":"https:\/\/fertiprado.pt\/#organization"},"potentialAction":[{"@type":"SearchAction","target":{"@type":"EntryPoint","urlTemplate":"https:\/\/fertiprado.pt\/?s={search_term_string}"},"query-input":{"@type":"PropertyValueSpecification","valueRequired":true,"valueName":"search_term_string"}}],"inLanguage":"it-IT"},{"@type":"Organization","@id":"https:\/\/fertiprado.pt\/#organization","name":"Fertiprado","url":"https:\/\/fertiprado.pt\/","logo":{"@type":"ImageObject","inLanguage":"it-IT","@id":"https:\/\/fertiprado.pt\/#\/schema\/logo\/image\/","url":"https:\/\/fertiprado.pt\/wp-content\/uploads\/2024\/03\/logo_fertiprado_simple.svg","contentUrl":"https:\/\/fertiprado.pt\/wp-content\/uploads\/2024\/03\/logo_fertiprado_simple.svg","width":283,"height":78,"caption":"Fertiprado"},"image":{"@id":"https:\/\/fertiprado.pt\/#\/schema\/logo\/image\/"},"sameAs":["https:\/\/www.facebook.com\/fertiprado\/","https:\/\/www.instagram.com\/fertiprado\/","https:\/\/pt.linkedin.com\/company\/fertiprado"]}]}},"_links":{"self":[{"href":"https:\/\/fertiprado.pt\/it\/wp-json\/wp\/v2\/pages\/1217","targetHints":{"allow":["GET"]}}],"collection":[{"href":"https:\/\/fertiprado.pt\/it\/wp-json\/wp\/v2\/pages"}],"about":[{"href":"https:\/\/fertiprado.pt\/it\/wp-json\/wp\/v2\/types\/page"}],"author":[{"embeddable":true,"href":"https:\/\/fertiprado.pt\/it\/wp-json\/wp\/v2\/users\/1"}],"replies":[{"embeddable":true,"href":"https:\/\/fertiprado.pt\/it\/wp-json\/wp\/v2\/comments?post=1217"}],"version-history":[{"count":48,"href":"https:\/\/fertiprado.pt\/it\/wp-json\/wp\/v2\/pages\/1217\/revisions"}],"predecessor-version":[{"id":12498,"href":"https:\/\/fertiprado.pt\/it\/wp-json\/wp\/v2\/pages\/1217\/revisions\/12498"}],"wp:featuredmedia":[{"embeddable":true,"href":"https:\/\/fertiprado.pt\/it\/wp-json\/wp\/v2\/media\/611"}],"wp:attachment":[{"href":"https:\/\/fertiprado.pt\/it\/wp-json\/wp\/v2\/media?parent=1217"}],"wp:term":[{"taxonomy":"categoria-de-pagina","embeddable":true,"href":"https:\/\/fertiprado.pt\/it\/wp-json\/wp\/v2\/categoria-de-pagina?post=1217"}],"curies":[{"name":"wp","href":"https:\/\/api.w.org\/{rel}","templated":true}]}}